{"id":92,"date":"2021-04-12T17:03:57","date_gmt":"2021-04-12T15:03:57","guid":{"rendered":"http:\/\/lyceedelessouriau.fr\/?page_id=92"},"modified":"2024-01-09T11:51:14","modified_gmt":"2024-01-09T10:51:14","slug":"cdi","status":"publish","type":"page","link":"https:\/\/lyceedelessouriau.fr\/index.php\/informations-generales\/cdi\/","title":{"rendered":"Centre de Documentation et d&#8217;Information"},"content":{"rendered":"\n<figure class=\"wp-block-gallery has-nested-images columns-default is-cropped wp-block-gallery-1 is-layout-flex wp-block-gallery-is-layout-flex\">\n<figure class=\"wp-block-image size-large\"><img loading=\"lazy\" decoding=\"async\" width=\"640\" height=\"296\" data-id=\"508\" src=\"http:\/\/lyceedelessouriau.fr\/wp-content\/uploads\/2021\/04\/img_20201218_104903-2-26312.jpeg\" alt=\"\" class=\"wp-image-508\" srcset=\"https:\/\/lyceedelessouriau.fr\/wp-content\/uploads\/2021\/04\/img_20201218_104903-2-26312.jpeg 640w, https:\/\/lyceedelessouriau.fr\/wp-content\/uploads\/2021\/04\/img_20201218_104903-2-26312-300x139.jpeg 300w\" sizes=\"auto, (max-width: 640px) 100vw, 640px\" \/><\/figure>\n\n\n\n<figure class=\"wp-block-image size-large\"><img loading=\"lazy\" decoding=\"async\" width=\"640\" height=\"296\" data-id=\"509\" src=\"http:\/\/lyceedelessouriau.fr\/wp-content\/uploads\/2021\/04\/img_20201218_104917-2-73297.jpeg\" alt=\"\" class=\"wp-image-509\" srcset=\"https:\/\/lyceedelessouriau.fr\/wp-content\/uploads\/2021\/04\/img_20201218_104917-2-73297.jpeg 640w, https:\/\/lyceedelessouriau.fr\/wp-content\/uploads\/2021\/04\/img_20201218_104917-2-73297-300x139.jpeg 300w\" sizes=\"auto, (max-width: 640px) 100vw, 640px\" \/><\/figure>\n\n\n\n<figure class=\"wp-block-image size-large\"><img loading=\"lazy\" decoding=\"async\" width=\"640\" height=\"296\" data-id=\"510\" src=\"http:\/\/lyceedelessouriau.fr\/wp-content\/uploads\/2021\/04\/img_20201218_105017-2-7236a.jpeg\" alt=\"\" class=\"wp-image-510\" srcset=\"https:\/\/lyceedelessouriau.fr\/wp-content\/uploads\/2021\/04\/img_20201218_105017-2-7236a.jpeg 640w, https:\/\/lyceedelessouriau.fr\/wp-content\/uploads\/2021\/04\/img_20201218_105017-2-7236a-300x139.jpeg 300w\" sizes=\"auto, (max-width: 640px) 100vw, 640px\" \/><\/figure>\n<\/figure>\n\n\n\n<p>Le CDI, lieu de travail, de lecture, d\u2019information et de recherche situ\u00e9 au b\u00e2timent E, comprend 6 espaces principaux\u00a0:<br>\u2022 un\u00a0<strong>espace de travail\/recherche<\/strong>\u00a0(51 places)<br>\u2022 un\u00a0<strong>espace informatique<\/strong>\u00a0avec 7 ordinateurs fixes et 5 ordinateurs portables<br>\u2022 un\u00a0<strong>Coin lecture\/BD<\/strong>\u00a0(15 places)<br>\u2022 un espace\u00a0<strong>Orientation\/Onisep<\/strong>\u00a0en bas, ainsi que le bureau des Psy-En (ex-conseill\u00e8res d&#8217;orientation psychologues) \u00e0 l\u2019\u00e9tage. Les rendez-vous se prennent aupr\u00e8s des professeures-documentalistes.<br>\u2022 \u00e0 l&#8217;\u00e9tage : le Learning Lab, ou Centre des apprentissages. Les \u00e9l\u00e8ves peuvent utiliser des tableaux blancs et du mobilier modulable pour &#8220;apprendre \u00e0 apprendre&#8221;.<br>\u2022 une\u00a0<strong>salle informatique<\/strong>\u00a0avec 13 postes \u00e0 l\u2019\u00e9tage (avec professeur).<\/p>\n\n\n\n<p>Ses ressources, vari\u00e9es, sont constitu\u00e9es&nbsp;:<br>\u2022 d\u2019une biblioth\u00e8que et d\u2019un fonds documentaire (plus de 13 000 documents disponibles)<br>\u2022 de p\u00e9riodiques<br>\u2022 d\u2019outils informatiques,<br>\u2022 d\u2019un kiosque ONISEP pour l\u2019information sur l\u2019orientation.<\/p>\n\n\n\n<p>Le CDI, comme une grande partie du lyc\u00e9e, vient juste d\u2019\u00eatre r\u00e9nov\u00e9&nbsp;!<\/p>\n\n\n\n<p>Les&nbsp;<strong>ressources<\/strong>, quel que soit leur support, sont r\u00e9pertori\u00e9es dans la base de donn\u00e9es du CDI, consultable sur le&nbsp;<a href=\"https:\/\/0911492c.esidoc.fr\/\" rel=\"noreferrer noopener\" target=\"_blank\">portail E-sidoc<\/a>&nbsp;du CDI.<\/p>\n\n\n\n<p>Ce portail permet \u00e9galement d\u2019acc\u00e9der directement \u00e0 des ressources num\u00e9riques, de conna\u00eetre les derni\u00e8res acquisitions et de consulter les informations du CDI.<\/p>\n\n\n\n<p><strong>Le CDI est ouvert 40 h par semaine<\/strong> aux horaires suivants\u00a0:<\/p>\n\n\n\n<ul class=\"wp-block-list\">\n<li>Lundi\u00a0: 8h30 &#8211; 16h<\/li>\n\n\n\n<li>Mardi&nbsp;: 8h30 &#8211; 18h<\/li>\n\n\n\n<li>Mercredi&nbsp;: 8h30 &#8211; 12h30 et 13h30 &#8211; 16h<\/li>\n\n\n\n<li>Jeudi&nbsp;: 8h30 &#8211; 18h<\/li>\n\n\n\n<li>Vendredi&nbsp;: 8h30 &#8211; 16h<\/li>\n<\/ul>\n\n\n\n<p><em><strong>Les<\/strong> <strong>Nouveaut\u00e9s<\/strong> :<\/em><\/p>\n\n\n\n<div data-wp-interactive=\"core\/file\" class=\"wp-block-file\"><object data-wp-bind--hidden=\"!state.hasPdfPreview\" hidden class=\"wp-block-file__embed\" data=\"http:\/\/lyceedelessouriau.fr\/wp-content\/uploads\/2023\/02\/2023-nouveautes.pdf\" type=\"application\/pdf\" style=\"width:100%;height:600px\" aria-label=\"Contenu embarqu\u00e9 2023-nouveautes.\"><\/object><a id=\"wp-block-file--media-8601e45c-eb21-40d2-8f29-738d71aa0300\" href=\"http:\/\/lyceedelessouriau.fr\/wp-content\/uploads\/2023\/02\/2023-nouveautes.pdf\">2023-nouveautes<\/a><a href=\"http:\/\/lyceedelessouriau.fr\/wp-content\/uploads\/2023\/02\/2023-nouveautes.pdf\" class=\"wp-block-file__button wp-element-button\" download aria-describedby=\"wp-block-file--media-8601e45c-eb21-40d2-8f29-738d71aa0300\">T\u00e9l\u00e9charger<\/a><\/div>\n\n\n\n<div class=\"wp-block-file\"><a href=\"blob:http:\/\/lyceedelessouriau.fr\/9f76a88d-e89e-433e-9082-570623eb2af0\" class=\"wp-block-file__button wp-element-button\" download>T\u00e9l\u00e9charger<\/a><\/div>\n","protected":false},"excerpt":{"rendered":"<p>Le CDI, lieu de travail, de lecture, d\u2019information et de recherche situ\u00e9 au b\u00e2timent E, comprend 6 espaces principaux\u00a0:\u2022 un\u00a0espace de travail\/recherche\u00a0(51 places)\u2022 un\u00a0espace informatique\u00a0avec 7 ordinateurs fixes et 5 ordinateurs portables\u2022 un\u00a0Coin lecture\/BD\u00a0(15 places)\u2022 un espace\u00a0Orientation\/Onisep\u00a0en bas, ainsi que le bureau des Psy-En (ex-conseill\u00e8res d&#8217;orientation psychologues) \u00e0 l\u2019\u00e9tage. Les rendez-vous se prennent aupr\u00e8s des [&hellip;]<\/p>\n","protected":false},"author":1,"featured_media":0,"parent":27,"menu_order":10,"comment_status":"closed","ping_status":"closed","template":"page-template\/right-sidebar-page.php","meta":{"footnotes":""},"class_list":["post-92","page","type-page","status-publish","hentry"],"_links":{"self":[{"href":"https:\/\/lyceedelessouriau.fr\/index.php\/wp-json\/wp\/v2\/pages\/92","targetHints":{"allow":["GET"]}}],"collection":[{"href":"https:\/\/lyceedelessouriau.fr\/index.php\/wp-json\/wp\/v2\/pages"}],"about":[{"href":"https:\/\/lyceedelessouriau.fr\/index.php\/wp-json\/wp\/v2\/types\/page"}],"author":[{"embeddable":true,"href":"https:\/\/lyceedelessouriau.fr\/index.php\/wp-json\/wp\/v2\/users\/1"}],"replies":[{"embeddable":true,"href":"https:\/\/lyceedelessouriau.fr\/index.php\/wp-json\/wp\/v2\/comments?post=92"}],"version-history":[{"count":7,"href":"https:\/\/lyceedelessouriau.fr\/index.php\/wp-json\/wp\/v2\/pages\/92\/revisions"}],"predecessor-version":[{"id":2540,"href":"https:\/\/lyceedelessouriau.fr\/index.php\/wp-json\/wp\/v2\/pages\/92\/revisions\/2540"}],"up":[{"embeddable":true,"href":"https:\/\/lyceedelessouriau.fr\/index.php\/wp-json\/wp\/v2\/pages\/27"}],"wp:attachment":[{"href":"https:\/\/lyceedelessouriau.fr\/index.php\/wp-json\/wp\/v2\/media?parent=92"}],"curies":[{"name":"wp","href":"https:\/\/api.w.org\/{rel}","templated":true}]}}