{"id":690,"date":"2021-05-11T17:25:55","date_gmt":"2021-05-11T15:25:55","guid":{"rendered":"http:\/\/lyceedelessouriau.fr\/?page_id=690"},"modified":"2022-01-20T13:46:52","modified_gmt":"2022-01-20T12:46:52","slug":"apres-le-baccalaureat-professionnel","status":"publish","type":"page","link":"https:\/\/lyceedelessouriau.fr\/index.php\/orientation\/apres-le-baccalaureat-professionnel\/","title":{"rendered":"Apr\u00e8s le Baccalaur\u00e9at Professionnel"},"content":{"rendered":"\n<p>La plupart des bacheliers professionnels entrent directement dans la vie active, signe de l&#8217;ad\u00e9quation de ces dipl\u00f4mes aux besoins des employeurs. Un tiers poursuit toutefois des \u00e9tudes sup\u00e9rieures, principalement en BTS, o\u00f9 des places leur sont r\u00e9serv\u00e9es.<a href=\"https:\/\/www.onisep.fr\/Choisir-mes-etudes\/Apres-le-bac\/Que-faire-apres-le-bac\/Que-faire-apres-un-bac-professionnel\/Apres-un-bac-professionnel-les-formations-en-1-an\"><\/a><\/p>\n\n\n\n<h3 class=\"wp-block-heading\"><a href=\"https:\/\/www.onisep.fr\/Choisir-mes-etudes\/Apres-le-bac\/Que-faire-apres-le-bac\/Que-faire-apres-un-bac-professionnel\/Apres-un-bac-professionnel-les-formations-en-1-an\">Apr\u00e8s un bac professionnel : les formations en 1 an<\/a><\/h3>\n\n\n\n<p>Nombre de bacheliers professionnels poursuivent leurs \u00e9tudes en 1 an, afin d&#8217;acqu\u00e9rir une sp\u00e9cialisation ou une nouvelle comp\u00e9tence.<\/p>\n\n\n\n<p><a href=\"https:\/\/www.onisep.fr\/Choisir-mes-etudes\/Apres-le-bac\/Que-faire-apres-le-bac\/Que-faire-apres-un-bac-professionnel\/Apres-un-bac-professionnel-objectif-bac-2-ou-bac-3\"><\/a><\/p>\n\n\n\n<h3 class=\"wp-block-heading\"><a href=\"https:\/\/www.onisep.fr\/Choisir-mes-etudes\/Apres-le-bac\/Que-faire-apres-le-bac\/Que-faire-apres-un-bac-professionnel\/Apres-un-bac-professionnel-objectif-bac-2-ou-bac-3\">Apr\u00e8s un bac professionnel : objectif bac + 2 ou bac + 3<\/a><\/h3>\n\n\n\n<p>La plupart des bacheliers professionnels qui entreprennent des \u00e9tudes sup\u00e9rieures pr\u00e9parent en 2 ans un BTS (Brevet de Technicien Sup\u00e9rieur) dans leur champ professionnel d&#8217;origine. Certains rejoignent une \u00e9cole sp\u00e9cialis\u00e9e pour 2 ou 3 ans.<a href=\"https:\/\/www.onisep.fr\/Choisir-mes-etudes\/Apres-le-bac\/Que-faire-apres-le-bac\/Que-faire-apres-un-bac-professionnel\/Apres-un-bac-professionnel-objectif-bac-5\"><\/a><\/p>\n\n\n\n<p><\/p>\n\n\n\n<h3 class=\"wp-block-heading\"><a href=\"https:\/\/www.onisep.fr\/Choisir-mes-etudes\/Apres-le-bac\/Que-faire-apres-le-bac\/Que-faire-apres-un-bac-professionnel\/Apres-un-bac-professionnel-objectif-bac-5\">Apr\u00e8s un bac professionnel : objectif bac + 5<\/a><\/h3>\n\n\n\n<p>Le lyc\u00e9e professionnel ne pr\u00e9pare pas \u00e0 la poursuite d\u2019\u00e9tudes en cursus g\u00e9n\u00e9ralistes. Certains \u00e9tablissements d\u2019enseignement sup\u00e9rieur proposent cependant des mises \u00e0 niveau pour les bacheliers professionnels qui souhaiteraient suivre un cursus long, \u00e0 l\u2019universit\u00e9 ou en \u00e9cole.<\/p>\n\n\n\n<p><\/p>\n\n\n\n<p>Source : Onisep.fr<\/p>\n","protected":false},"excerpt":{"rendered":"<p>La plupart des bacheliers professionnels entrent directement dans la vie active, signe de l&#8217;ad\u00e9quation de ces dipl\u00f4mes aux besoins des employeurs. Un tiers poursuit toutefois des \u00e9tudes sup\u00e9rieures, principalement en BTS, o\u00f9 des places leur sont r\u00e9serv\u00e9es. Apr\u00e8s un bac professionnel : les formations en 1 an Nombre de bacheliers professionnels poursuivent leurs \u00e9tudes en [&hellip;]<\/p>\n","protected":false},"author":1,"featured_media":0,"parent":38,"menu_order":5,"comment_status":"closed","ping_status":"closed","template":"page-template\/right-sidebar-page.php","meta":{"footnotes":""},"class_list":["post-690","page","type-page","status-publish","hentry"],"_links":{"self":[{"href":"https:\/\/lyceedelessouriau.fr\/index.php\/wp-json\/wp\/v2\/pages\/690","targetHints":{"allow":["GET"]}}],"collection":[{"href":"https:\/\/lyceedelessouriau.fr\/index.php\/wp-json\/wp\/v2\/pages"}],"about":[{"href":"https:\/\/lyceedelessouriau.fr\/index.php\/wp-json\/wp\/v2\/types\/page"}],"author":[{"embeddable":true,"href":"https:\/\/lyceedelessouriau.fr\/index.php\/wp-json\/wp\/v2\/users\/1"}],"replies":[{"embeddable":true,"href":"https:\/\/lyceedelessouriau.fr\/index.php\/wp-json\/wp\/v2\/comments?post=690"}],"version-history":[{"count":3,"href":"https:\/\/lyceedelessouriau.fr\/index.php\/wp-json\/wp\/v2\/pages\/690\/revisions"}],"predecessor-version":[{"id":1504,"href":"https:\/\/lyceedelessouriau.fr\/index.php\/wp-json\/wp\/v2\/pages\/690\/revisions\/1504"}],"up":[{"embeddable":true,"href":"https:\/\/lyceedelessouriau.fr\/index.php\/wp-json\/wp\/v2\/pages\/38"}],"wp:attachment":[{"href":"https:\/\/lyceedelessouriau.fr\/index.php\/wp-json\/wp\/v2\/media?parent=690"}],"curies":[{"name":"wp","href":"https:\/\/api.w.org\/{rel}","templated":true}]}}