{"id":686,"date":"2021-05-11T17:22:20","date_gmt":"2021-05-11T15:22:20","guid":{"rendered":"http:\/\/lyceedelessouriau.fr\/?page_id=686"},"modified":"2022-01-20T13:41:14","modified_gmt":"2022-01-20T12:41:14","slug":"apres-le-bts","status":"publish","type":"page","link":"https:\/\/lyceedelessouriau.fr\/index.php\/orientation\/apres-le-bts\/","title":{"rendered":"Apr\u00e8s le BTS"},"content":{"rendered":"\n<p>Le BTS est con\u00e7u pour r\u00e9pondre aux attentes des entreprises. Les dipl\u00f4m\u00e9s sont donc recherch\u00e9s sur le march\u00e9 du travail. Ce qui n&#8217;emp\u00eache pas une partie d\u2019entre eux de poursuivre leurs \u00e9tudes.<\/p>\n\n\n\n<p><a><\/a><\/p>\n\n\n\n<h3 class=\"wp-block-heading\">Insertion professionnelle<\/h3>\n\n\n\n<p>Les BTS sont g\u00e9n\u00e9ralement appr\u00e9ci\u00e9s des recruteurs. La situation \u00e0 l&#8217;embauche varie selon les sp\u00e9cialit\u00e9s.<a><\/a><\/p>\n\n\n\n<h3 class=\"wp-block-heading\">Poursuite d&#8217;\u00e9tudes<\/h3>\n\n\n\n<p>Plus de la moiti\u00e9 des dipl\u00f4m\u00e9s de BTS poursuivent leurs \u00e9tudes, notamment en licence professionnelle (bac&nbsp;+&nbsp;3). Leur formation, moins ax\u00e9e sur les enseignements g\u00e9n\u00e9raux qu&#8217;en BUT, ne les pr\u00e9pare pas \u00e0 entreprendre des cursus longs (bac&nbsp;+&nbsp;5).<\/p>\n\n\n\n<p>Les <a href=\"https:\/\/www.onisep.fr\/Choisir-mes-etudes\/Apres-le-bac\/Organisation-des-etudes-superieures\/Les-licences-professionnelles\">licences professionnelles<\/a> accueillent des titulaires de BTS sur dossier. La mention envisag\u00e9e doit \u00eatre en lien avec la fili\u00e8re d&#8217;origine ou apporter une double comp\u00e9tence motiv\u00e9e par un projet professionnel. Et le niveau doit \u00eatre bon.<\/p>\n\n\n\n<p>Les <a href=\"https:\/\/www.onisep.fr\/Choisir-mes-etudes\/Apres-le-bac\/Principaux-domaines-d-etudes\/Les-ecoles-d-ingenieurs\">\u00e9coles d&#8217;ing\u00e9nieurs<\/a> proposent des admissions \u00e0 bac\u00a0+\u00a02. La s\u00e9lection est s\u00e9v\u00e8re. Pour augmenter ses chances, il est recommand\u00e9 de suivre une classe pr\u00e9pa en 1 an dite <a href=\"https:\/\/www.onisep.fr\/Choisir-mes-etudes\/Apres-le-bac\/Organisation-des-etudes-superieures\/CPGE-FILIERES\/Les-prepas-scientifiques\/Les-prepas-ATS-scientifiques\">ATS scientifique<\/a> (adaptation technicien sup\u00e9rieur) dans l&#8217;une des sp\u00e9cialit\u00e9s propos\u00e9es\u00a0: biologie\u00a0; ing\u00e9nierie industrielle\u00a0; g\u00e9nie civil\u00a0; m\u00e9tiers de la chimie\u00a0; m\u00e9tiers du paysage.<\/p>\n\n\n\n<p>Les <a href=\"https:\/\/www.onisep.fr\/Choisir-mes-etudes\/Apres-le-bac\/Principaux-domaines-d-etudes\/Les-ecoles-de-commerce\">\u00e9coles de commerce et de gestion<\/a> proposent des concours sp\u00e9cifiques. Le nombre de places offertes aux BTS varie d&#8217;une \u00e9cole \u00e0 l&#8217;autre&nbsp;; certaines sp\u00e9cialit\u00e9s sont davantage adapt\u00e9es. Pour augmenter ses chances d&#8217;admission, il est recommand\u00e9 de suivre une classe pr\u00e9pa <a href=\"https:\/\/www.onisep.fr\/Choisir-mes-etudes\/Apres-le-bac\/Organisation-des-etudes-superieures\/CPGE-FILIERES\/Les-prepas-economiques-et-commerciales\/La-prepa-ATS-economie-gestion\">ATS \u00e9conomie gestion <\/a>en 1 an. Quelques classes accueillent des BTS tertiaires.<\/p>\n\n\n\n<p>Les <a href=\"https:\/\/www.onisep.fr\/Choisir-mes-etudes\/Apres-le-bac\/Principaux-domaines-d-etudes\/Les-ecoles-nationales-veterinaires-ENV\">\u00e9coles v\u00e9t\u00e9rinaires<\/a> recrutent elles aussi des techniciens sup\u00e9rieurs apr\u00e8s la classe pr\u00e9pa <a href=\"https:\/\/www.onisep.fr\/Choisir-mes-etudes\/Apres-le-bac\/Organisation-des-etudes-superieures\/CPGE-FILIERES\/Les-prepas-scientifiques\/Les-prepas-ATS-scientifiques\">ATS<\/a> biologie en 1 an.<\/p>\n\n\n\n<p>Autres possibilit\u00e9s\u00a0: suivre une <strong>formation compl\u00e9mentaire<\/strong> en 1\u2009an. On en trouve dans tous les domaines, surtout dans le tertiaire et l&#8217;industrie.<\/p>\n\n\n\n<p><\/p>\n\n\n\n<p>Source : Onisep.fr<\/p>\n","protected":false},"excerpt":{"rendered":"<p>Le BTS est con\u00e7u pour r\u00e9pondre aux attentes des entreprises. Les dipl\u00f4m\u00e9s sont donc recherch\u00e9s sur le march\u00e9 du travail. Ce qui n&#8217;emp\u00eache pas une partie d\u2019entre eux de poursuivre leurs \u00e9tudes. Insertion professionnelle Les BTS sont g\u00e9n\u00e9ralement appr\u00e9ci\u00e9s des recruteurs. La situation \u00e0 l&#8217;embauche varie selon les sp\u00e9cialit\u00e9s. Poursuite d&#8217;\u00e9tudes Plus de la moiti\u00e9 [&hellip;]<\/p>\n","protected":false},"author":1,"featured_media":0,"parent":38,"menu_order":6,"comment_status":"closed","ping_status":"closed","template":"page-template\/right-sidebar-page.php","meta":{"footnotes":""},"class_list":["post-686","page","type-page","status-publish","hentry"],"_links":{"self":[{"href":"https:\/\/lyceedelessouriau.fr\/index.php\/wp-json\/wp\/v2\/pages\/686","targetHints":{"allow":["GET"]}}],"collection":[{"href":"https:\/\/lyceedelessouriau.fr\/index.php\/wp-json\/wp\/v2\/pages"}],"about":[{"href":"https:\/\/lyceedelessouriau.fr\/index.php\/wp-json\/wp\/v2\/types\/page"}],"author":[{"embeddable":true,"href":"https:\/\/lyceedelessouriau.fr\/index.php\/wp-json\/wp\/v2\/users\/1"}],"replies":[{"embeddable":true,"href":"https:\/\/lyceedelessouriau.fr\/index.php\/wp-json\/wp\/v2\/comments?post=686"}],"version-history":[{"count":3,"href":"https:\/\/lyceedelessouriau.fr\/index.php\/wp-json\/wp\/v2\/pages\/686\/revisions"}],"predecessor-version":[{"id":1506,"href":"https:\/\/lyceedelessouriau.fr\/index.php\/wp-json\/wp\/v2\/pages\/686\/revisions\/1506"}],"up":[{"embeddable":true,"href":"https:\/\/lyceedelessouriau.fr\/index.php\/wp-json\/wp\/v2\/pages\/38"}],"wp:attachment":[{"href":"https:\/\/lyceedelessouriau.fr\/index.php\/wp-json\/wp\/v2\/media?parent=686"}],"curies":[{"name":"wp","href":"https:\/\/api.w.org\/{rel}","templated":true}]}}