{"id":38,"date":"2021-04-12T15:52:47","date_gmt":"2021-04-12T13:52:47","guid":{"rendered":"http:\/\/lyceedelessouriau.fr\/?page_id=38"},"modified":"2024-10-01T14:13:52","modified_gmt":"2024-10-01T12:13:52","slug":"orientation","status":"publish","type":"page","link":"https:\/\/lyceedelessouriau.fr\/index.php\/orientation\/","title":{"rendered":"Orientation"},"content":{"rendered":"\n<p>Psychologue de l&#8217;orientation : <strong>Mme TAHIR<\/strong>, pr\u00e9sente le <strong>mercredi toute la journ\u00e9e<\/strong>, ainsi que le <strong>mardi apr\u00e8s-midi (Semaine B)<\/strong><\/p>\n\n\n\n<p>Vous pouvez prendre rendez-vous au <strong>CDI<\/strong>, ou bien \u00e0 la <strong>Vie scolaire<\/strong><\/p>\n\n\n\n<p>&#8212;&#8212;&#8212;&#8212;&#8211;<\/p>\n\n\n\n<p>Bonjour \u00e0 tous,<\/p>\n\n\n\n<p>Pour celles et ceux qui ne le savent pas encore, \u200b<strong>et surtout pour les \u00e9l\u00e8ves de terminales, vous pouvez d&#8217;ores et d\u00e9j\u00e0, consulter le site internet <a href=\"https:\/\/www.parcoursup.fr\/\">PARCOURSUP<\/a><\/strong>.<\/p>\n\n\n\n<p><\/p>\n\n\n\n<p>En effet,&nbsp;PARCOURSUP est d&#8217;abord<strong> un moteur de recherches sur toutes les formations post-bac nationales.<\/strong><\/p>\n\n\n\n<p><\/p>\n\n\n\n<p>Dans la page d&#8217;accueil<strong> <\/strong>\u200bvous cliquez sur l&#8217;onglet <strong>RECHERCHER UNE FORMATION<\/strong> et vous acc\u00e9dez aux diff\u00e9rents filtres \u00e0 cocher pour faire vos recherches d&#8217;\u00e9tablissements ou de types de formations.<\/p>\n\n\n\n<p>Pour chaque \u00e9tablissement vous aurez un onglet <strong>VOIR LA FICHE<\/strong>&nbsp;qui donne acc\u00e8s \u00e0&nbsp;toutes les informations n\u00e9cessaires <em>(les descriptifs de la formation, les d\u00e9bouch\u00e9s post bac, les attendus et l&#8217;examen des v\u0153ux etc.).<\/em><\/p>\n\n\n\n<p>Vous pouvez aussi cliquer sur l\u2019onglet <strong>FORMATIONS SIMILAIRES<\/strong> qui vous permettra d\u2019acc\u00e9der \u00e0 d\u2019autres id\u00e9es de formations en lien avec le domaine qui vous plait.<\/p>\n\n\n\n<p><\/p>\n\n\n\n<p>En le consultant d\u00e8s maintenant vous obtiendrez beaucoup d&#8217;\u00e9l\u00e9ments vous permettant de mieux cerner ce qui vous attend dans le sup\u00e9rieur et de vous aider \u00e9galement \u00e0 d\u00e9finir vos choix d&#8217;\u00e9tudes.&nbsp;<\/p>\n\n\n\n<p><\/p>\n\n\n\n<p>Pensez aussi \u00e0 v\u00e9rifier si les \u00e9tudes que vous visez sont accessibles via PARCOURSUP ou&nbsp;si les inscriptions se font directement aupr\u00e8s de la&nbsp;structure qui propose&nbsp;la\/les formations. En effet, certaines inscriptions se font avant les vacances de No\u00ebl en dehors du site PARCOURSUP.<\/p>\n\n\n\n<p><\/p>\n\n\n\n<p>Vous pouvez \u00e9galement venir au CIO de Massy toute la semaine et pendant les vacances scolaires (except\u00e9 celles de No\u00ebl).<\/p>\n\n\n\n<p>\u200b<\/p>\n\n\n\n<p><\/p>\n\n\n\n<hr class=\"wp-block-separator has-alpha-channel-opacity\"\/>\n","protected":false},"excerpt":{"rendered":"<p>Psychologue de l&#8217;orientation : Mme TAHIR, pr\u00e9sente le mercredi toute la journ\u00e9e, ainsi que le mardi apr\u00e8s-midi (Semaine B) Vous pouvez prendre rendez-vous au CDI, ou bien \u00e0 la Vie scolaire &#8212;&#8212;&#8212;&#8212;&#8211; Bonjour \u00e0 tous, Pour celles et ceux qui ne le savent pas encore, \u200bet surtout pour les \u00e9l\u00e8ves de terminales, vous pouvez d&#8217;ores [&hellip;]<\/p>\n","protected":false},"author":1,"featured_media":0,"parent":0,"menu_order":5,"comment_status":"closed","ping_status":"closed","template":"page-template\/right-sidebar-page.php","meta":{"footnotes":""},"class_list":["post-38","page","type-page","status-publish","hentry"],"_links":{"self":[{"href":"https:\/\/lyceedelessouriau.fr\/index.php\/wp-json\/wp\/v2\/pages\/38","targetHints":{"allow":["GET"]}}],"collection":[{"href":"https:\/\/lyceedelessouriau.fr\/index.php\/wp-json\/wp\/v2\/pages"}],"about":[{"href":"https:\/\/lyceedelessouriau.fr\/index.php\/wp-json\/wp\/v2\/types\/page"}],"author":[{"embeddable":true,"href":"https:\/\/lyceedelessouriau.fr\/index.php\/wp-json\/wp\/v2\/users\/1"}],"replies":[{"embeddable":true,"href":"https:\/\/lyceedelessouriau.fr\/index.php\/wp-json\/wp\/v2\/comments?post=38"}],"version-history":[{"count":5,"href":"https:\/\/lyceedelessouriau.fr\/index.php\/wp-json\/wp\/v2\/pages\/38\/revisions"}],"predecessor-version":[{"id":2770,"href":"https:\/\/lyceedelessouriau.fr\/index.php\/wp-json\/wp\/v2\/pages\/38\/revisions\/2770"}],"wp:attachment":[{"href":"https:\/\/lyceedelessouriau.fr\/index.php\/wp-json\/wp\/v2\/media?parent=38"}],"curies":[{"name":"wp","href":"https:\/\/api.w.org\/{rel}","templated":true}]}}