{"id":3298,"date":"2025-11-09T22:28:20","date_gmt":"2025-11-09T21:28:20","guid":{"rendered":"https:\/\/lyceedelessouriau.fr\/?page_id=3298"},"modified":"2025-11-09T23:39:17","modified_gmt":"2025-11-09T22:39:17","slug":"visites-pour-les-eleves-organisees-par-la-cpge","status":"publish","type":"page","link":"https:\/\/lyceedelessouriau.fr\/index.php\/enseignement-superieur\/la-cpge-pcsi-psi\/visites-pour-les-eleves-organisees-par-la-cpge\/","title":{"rendered":"Visites faites par nos \u00e9l\u00e8ves de CPGE"},"content":{"rendered":"\n<h2 class=\"wp-block-heading\">Visite de la biblioth\u00e8que de l&#8217;\u00e9cole Polytechnique (Sept 2025)<\/h2>\n\n\n\n<figure class=\"wp-block-image size-large\"><img loading=\"lazy\" decoding=\"async\" width=\"1024\" height=\"576\" src=\"https:\/\/lyceedelessouriau.fr\/wp-content\/uploads\/2025\/11\/X1-1024x576.jpg\" alt=\"\" class=\"wp-image-3320\" srcset=\"https:\/\/lyceedelessouriau.fr\/wp-content\/uploads\/2025\/11\/X1-1024x576.jpg 1024w, https:\/\/lyceedelessouriau.fr\/wp-content\/uploads\/2025\/11\/X1-300x169.jpg 300w, https:\/\/lyceedelessouriau.fr\/wp-content\/uploads\/2025\/11\/X1-768x432.jpg 768w, https:\/\/lyceedelessouriau.fr\/wp-content\/uploads\/2025\/11\/X1-1536x864.jpg 1536w, https:\/\/lyceedelessouriau.fr\/wp-content\/uploads\/2025\/11\/X1-2048x1152.jpg 2048w\" sizes=\"auto, (max-width: 1024px) 100vw, 1024px\" \/><\/figure>\n\n\n\n<figure class=\"wp-block-image size-large\"><img loading=\"lazy\" decoding=\"async\" width=\"1024\" height=\"576\" src=\"https:\/\/lyceedelessouriau.fr\/wp-content\/uploads\/2025\/11\/X2-1-1024x576.jpg\" alt=\"\" class=\"wp-image-3323\" srcset=\"https:\/\/lyceedelessouriau.fr\/wp-content\/uploads\/2025\/11\/X2-1-1024x576.jpg 1024w, https:\/\/lyceedelessouriau.fr\/wp-content\/uploads\/2025\/11\/X2-1-300x169.jpg 300w, https:\/\/lyceedelessouriau.fr\/wp-content\/uploads\/2025\/11\/X2-1-768x432.jpg 768w, https:\/\/lyceedelessouriau.fr\/wp-content\/uploads\/2025\/11\/X2-1-1536x864.jpg 1536w, https:\/\/lyceedelessouriau.fr\/wp-content\/uploads\/2025\/11\/X2-1-2048x1152.jpg 2048w\" sizes=\"auto, (max-width: 1024px) 100vw, 1024px\" \/><\/figure>\n\n\n\n<p><\/p>\n\n\n\n<figure class=\"wp-block-image size-large\"><img loading=\"lazy\" decoding=\"async\" width=\"1024\" height=\"576\" src=\"https:\/\/lyceedelessouriau.fr\/wp-content\/uploads\/2025\/11\/X3-1-1024x576.jpg\" alt=\"\" class=\"wp-image-3324\" srcset=\"https:\/\/lyceedelessouriau.fr\/wp-content\/uploads\/2025\/11\/X3-1-1024x576.jpg 1024w, https:\/\/lyceedelessouriau.fr\/wp-content\/uploads\/2025\/11\/X3-1-300x169.jpg 300w, https:\/\/lyceedelessouriau.fr\/wp-content\/uploads\/2025\/11\/X3-1-768x432.jpg 768w, https:\/\/lyceedelessouriau.fr\/wp-content\/uploads\/2025\/11\/X3-1-1536x864.jpg 1536w, https:\/\/lyceedelessouriau.fr\/wp-content\/uploads\/2025\/11\/X3-1-2048x1152.jpg 2048w\" sizes=\"auto, (max-width: 1024px) 100vw, 1024px\" \/><\/figure>\n\n\n\n<figure class=\"wp-block-image size-large\"><img loading=\"lazy\" decoding=\"async\" width=\"1024\" height=\"576\" src=\"https:\/\/lyceedelessouriau.fr\/wp-content\/uploads\/2025\/11\/X4-1024x576.jpg\" alt=\"\" class=\"wp-image-3325\" srcset=\"https:\/\/lyceedelessouriau.fr\/wp-content\/uploads\/2025\/11\/X4-1024x576.jpg 1024w, https:\/\/lyceedelessouriau.fr\/wp-content\/uploads\/2025\/11\/X4-300x169.jpg 300w, https:\/\/lyceedelessouriau.fr\/wp-content\/uploads\/2025\/11\/X4-768x432.jpg 768w, https:\/\/lyceedelessouriau.fr\/wp-content\/uploads\/2025\/11\/X4-1536x864.jpg 1536w, https:\/\/lyceedelessouriau.fr\/wp-content\/uploads\/2025\/11\/X4-2048x1152.jpg 2048w\" sizes=\"auto, (max-width: 1024px) 100vw, 1024px\" \/><\/figure>\n\n\n\n<figure class=\"wp-block-image size-large\"><img loading=\"lazy\" decoding=\"async\" width=\"576\" height=\"1024\" src=\"https:\/\/lyceedelessouriau.fr\/wp-content\/uploads\/2025\/11\/X5-576x1024.jpg\" alt=\"\" class=\"wp-image-3326\" srcset=\"https:\/\/lyceedelessouriau.fr\/wp-content\/uploads\/2025\/11\/X5-576x1024.jpg 576w, https:\/\/lyceedelessouriau.fr\/wp-content\/uploads\/2025\/11\/X5-169x300.jpg 169w, https:\/\/lyceedelessouriau.fr\/wp-content\/uploads\/2025\/11\/X5-768x1365.jpg 768w, https:\/\/lyceedelessouriau.fr\/wp-content\/uploads\/2025\/11\/X5-864x1536.jpg 864w, https:\/\/lyceedelessouriau.fr\/wp-content\/uploads\/2025\/11\/X5-1152x2048.jpg 1152w, https:\/\/lyceedelessouriau.fr\/wp-content\/uploads\/2025\/11\/X5-scaled.jpg 1440w\" sizes=\"auto, (max-width: 576px) 100vw, 576px\" \/><\/figure>\n\n\n\n<h2 class=\"wp-block-heading\">Conf\u00e9rence sur la supraconductivit\u00e9 (Oct 2023)<\/h2>\n\n\n\n<figure class=\"wp-block-image size-large\"><img loading=\"lazy\" decoding=\"async\" width=\"1024\" height=\"576\" src=\"https:\/\/lyceedelessouriau.fr\/wp-content\/uploads\/2025\/11\/Supra1-1024x576.jpg\" alt=\"\" class=\"wp-image-3330\" srcset=\"https:\/\/lyceedelessouriau.fr\/wp-content\/uploads\/2025\/11\/Supra1-1024x576.jpg 1024w, https:\/\/lyceedelessouriau.fr\/wp-content\/uploads\/2025\/11\/Supra1-300x169.jpg 300w, https:\/\/lyceedelessouriau.fr\/wp-content\/uploads\/2025\/11\/Supra1-768x432.jpg 768w, https:\/\/lyceedelessouriau.fr\/wp-content\/uploads\/2025\/11\/Supra1-1536x864.jpg 1536w, https:\/\/lyceedelessouriau.fr\/wp-content\/uploads\/2025\/11\/Supra1-2048x1152.jpg 2048w\" sizes=\"auto, (max-width: 1024px) 100vw, 1024px\" \/><\/figure>\n\n\n\n<figure class=\"wp-block-image size-large\"><img loading=\"lazy\" decoding=\"async\" width=\"576\" height=\"1024\" src=\"https:\/\/lyceedelessouriau.fr\/wp-content\/uploads\/2025\/11\/Supra2-576x1024.jpg\" alt=\"\" class=\"wp-image-3331\" srcset=\"https:\/\/lyceedelessouriau.fr\/wp-content\/uploads\/2025\/11\/Supra2-576x1024.jpg 576w, https:\/\/lyceedelessouriau.fr\/wp-content\/uploads\/2025\/11\/Supra2-169x300.jpg 169w, https:\/\/lyceedelessouriau.fr\/wp-content\/uploads\/2025\/11\/Supra2-768x1365.jpg 768w, https:\/\/lyceedelessouriau.fr\/wp-content\/uploads\/2025\/11\/Supra2-864x1536.jpg 864w, https:\/\/lyceedelessouriau.fr\/wp-content\/uploads\/2025\/11\/Supra2-1152x2048.jpg 1152w, https:\/\/lyceedelessouriau.fr\/wp-content\/uploads\/2025\/11\/Supra2-scaled.jpg 1440w\" sizes=\"auto, (max-width: 576px) 100vw, 576px\" \/><\/figure>\n\n\n\n<figure class=\"wp-block-video\"><video height=\"1080\" style=\"aspect-ratio: 1920 \/ 1080;\" width=\"1920\" controls src=\"https:\/\/lyceedelessouriau.fr\/wp-content\/uploads\/2025\/11\/Supra3.mp4\"><\/video><\/figure>\n","protected":false},"excerpt":{"rendered":"<p>Visite de la biblioth\u00e8que de l&#8217;\u00e9cole Polytechnique (Sept 2025) Conf\u00e9rence sur la supraconductivit\u00e9 (Oct 2023)<\/p>\n","protected":false},"author":2,"featured_media":0,"parent":142,"menu_order":0,"comment_status":"closed","ping_status":"closed","template":"","meta":{"footnotes":""},"class_list":["post-3298","page","type-page","status-publish","hentry"],"_links":{"self":[{"href":"https:\/\/lyceedelessouriau.fr\/index.php\/wp-json\/wp\/v2\/pages\/3298","targetHints":{"allow":["GET"]}}],"collection":[{"href":"https:\/\/lyceedelessouriau.fr\/index.php\/wp-json\/wp\/v2\/pages"}],"about":[{"href":"https:\/\/lyceedelessouriau.fr\/index.php\/wp-json\/wp\/v2\/types\/page"}],"author":[{"embeddable":true,"href":"https:\/\/lyceedelessouriau.fr\/index.php\/wp-json\/wp\/v2\/users\/2"}],"replies":[{"embeddable":true,"href":"https:\/\/lyceedelessouriau.fr\/index.php\/wp-json\/wp\/v2\/comments?post=3298"}],"version-history":[{"count":9,"href":"https:\/\/lyceedelessouriau.fr\/index.php\/wp-json\/wp\/v2\/pages\/3298\/revisions"}],"predecessor-version":[{"id":3334,"href":"https:\/\/lyceedelessouriau.fr\/index.php\/wp-json\/wp\/v2\/pages\/3298\/revisions\/3334"}],"up":[{"embeddable":true,"href":"https:\/\/lyceedelessouriau.fr\/index.php\/wp-json\/wp\/v2\/pages\/142"}],"wp:attachment":[{"href":"https:\/\/lyceedelessouriau.fr\/index.php\/wp-json\/wp\/v2\/media?parent=3298"}],"curies":[{"name":"wp","href":"https:\/\/api.w.org\/{rel}","templated":true}]}}