{"id":3042,"date":"2025-05-20T15:36:11","date_gmt":"2025-05-20T13:36:11","guid":{"rendered":"https:\/\/lyceedelessouriau.fr\/?page_id=3042"},"modified":"2025-07-13T19:17:56","modified_gmt":"2025-07-13T17:17:56","slug":"restauration-scolaire","status":"publish","type":"page","link":"https:\/\/lyceedelessouriau.fr\/index.php\/restauration-scolaire\/","title":{"rendered":"Restauration scolaire"},"content":{"rendered":"\n<p><strong><mark style=\"background-color:rgba(0, 0, 0, 0)\" class=\"has-inline-color has-luminous-vivid-orange-color\">RETROUVEZ LE MENU DE LA SEMAINE<\/mark> &nbsp;<a href=\"https:\/\/lyceedelessouriau.fr\/index.php\/2021\/10\/19\/menu-de-la-semaine\/\">ICI.<\/a><\/strong><\/p>\n\n\n\n<p>La <a href=\"https:\/\/calculette-qf.iledefrance.fr\/demarrage\">Calculette de quotient familial<\/a>&#8221; vous permettra de <strong>r\u00e9cup\u00e9rer votre attestation pour la restauration scolaire<\/strong> qu&#8217;il faudra remettre au service de gestion de l&#8217;\u00e9tablissement.<\/p>\n\n\n\n<p><strong>NOUVEAU<\/strong> : Veuillez trouver ci-dessous l&#8217;affiche concernant le t\u00e9l\u00e9chargement de la <strong>nouvelle application de restauration Turboself&nbsp;<\/strong> ainsi que le nouveau lien&nbsp; pour cr\u00e9er un compte et y acc\u00e9der :<\/p>\n\n\n\n<p>\u200c<a href=\"https:\/\/espacenumerique.turbo-self.com\/Connexion.aspx?id=5645&amp;etabid=1\" target=\"_blank\" rel=\"noreferrer noopener\">https:\/\/espacenumerique.turbo-self.com\/Connexion.aspx?id=5645&amp;amp;etabid=1<\/a><\/p>\n\n\n\n<figure class=\"wp-block-image size-large is-resized\"><img loading=\"lazy\" decoding=\"async\" width=\"713\" height=\"1024\" src=\"https:\/\/lyceedelessouriau.fr\/wp-content\/uploads\/2025\/07\/Turbo-restauration-713x1024.png\" alt=\"\" class=\"wp-image-3166\" style=\"width:840px;height:auto\" srcset=\"https:\/\/lyceedelessouriau.fr\/wp-content\/uploads\/2025\/07\/Turbo-restauration-713x1024.png 713w, https:\/\/lyceedelessouriau.fr\/wp-content\/uploads\/2025\/07\/Turbo-restauration-209x300.png 209w, https:\/\/lyceedelessouriau.fr\/wp-content\/uploads\/2025\/07\/Turbo-restauration-768x1103.png 768w, https:\/\/lyceedelessouriau.fr\/wp-content\/uploads\/2025\/07\/Turbo-restauration.png 925w\" sizes=\"auto, (max-width: 713px) 100vw, 713px\" \/><\/figure>\n\n\n\n<p>Ci-dessous, vous trouverez le <strong>mode d&#8217;emploi pour s&#8217;inscrire \u00e0 la restauration scolaire<\/strong>, ainsi que les diff\u00e9rents <strong>tarifs<\/strong> appliqu\u00e9s.<\/p>\n\n\n\n<div data-wp-interactive=\"core\/file\" class=\"wp-block-file\"><object data-wp-bind--hidden=\"!state.hasPdfPreview\" hidden class=\"wp-block-file__embed\" data=\"https:\/\/lyceedelessouriau.fr\/wp-content\/uploads\/2025\/07\/tarifs-2025-2026-famille-mode-d-emploi-equitables-mai-2025-1.pdf\" type=\"application\/pdf\" style=\"width:100%;height:600px\" aria-label=\"Contenu embarqu\u00e9 tarifs-2025-2026-famille-mode-d-emploi-equitables-mai-2025.\"><\/object><a id=\"wp-block-file--media-89912877-40c4-4f4b-89f4-6c4e228438e8\" href=\"https:\/\/lyceedelessouriau.fr\/wp-content\/uploads\/2025\/07\/tarifs-2025-2026-famille-mode-d-emploi-equitables-mai-2025-1.pdf\">tarifs-2025-2026-famille-mode-d-emploi-equitables-mai-2025<\/a><a href=\"https:\/\/lyceedelessouriau.fr\/wp-content\/uploads\/2025\/07\/tarifs-2025-2026-famille-mode-d-emploi-equitables-mai-2025-1.pdf\" class=\"wp-block-file__button wp-element-button\" download aria-describedby=\"wp-block-file--media-89912877-40c4-4f4b-89f4-6c4e228438e8\">T\u00e9l\u00e9charger<\/a><\/div>\n\n\n\n<div data-wp-interactive=\"core\/file\" class=\"wp-block-file\"><object data-wp-bind--hidden=\"!state.hasPdfPreview\" hidden class=\"wp-block-file__embed\" data=\"https:\/\/lyceedelessouriau.fr\/wp-content\/uploads\/2025\/07\/annexe-5-tarification-restauration-scolaire-2025-2026-2.pdf\" type=\"application\/pdf\" style=\"width:100%;height:600px\" aria-label=\"Contenu embarqu\u00e9 annexe-5-tarification-restauration-scolaire-2025-2026-2.\"><\/object><a id=\"wp-block-file--media-9036c5ef-8338-4ac5-8b38-364aed5ff857\" href=\"https:\/\/lyceedelessouriau.fr\/wp-content\/uploads\/2025\/07\/annexe-5-tarification-restauration-scolaire-2025-2026-2.pdf\">annexe-5-tarification-restauration-scolaire-2025-2026-2<\/a><a href=\"https:\/\/lyceedelessouriau.fr\/wp-content\/uploads\/2025\/07\/annexe-5-tarification-restauration-scolaire-2025-2026-2.pdf\" class=\"wp-block-file__button wp-element-button\" download aria-describedby=\"wp-block-file--media-9036c5ef-8338-4ac5-8b38-364aed5ff857\">T\u00e9l\u00e9charger<\/a><\/div>\n\n\n\n<p><strong>Pour tout compl\u00e9ment d\u2019information, vous pouvez contacter le service Intendance par t\u00e9l\u00e9phone au 01 64 86 82 82 (choix 3) ou par mail&nbsp;: intendance.0911492c@ac-versailles.fr.<\/strong><\/p>\n\n\n\n<div data-wp-interactive=\"core\/file\" class=\"wp-block-file\"><object data-wp-bind--hidden=\"!state.hasPdfPreview\" hidden class=\"wp-block-file__embed\" data=\"https:\/\/lyceedelessouriau.fr\/wp-content\/uploads\/2025\/07\/3-fonctionnement_restauration-scolaire-2025.26-mis-a-jour.pdf\" type=\"application\/pdf\" style=\"width:100%;height:600px\" aria-label=\"Contenu embarqu\u00e9 3-fonctionnement_restauration scolaire 2025.26 mis \u00e0 jour.\"><\/object><a id=\"wp-block-file--media-5b20872f-598b-4088-9fa0-ae6f536d9abb\" href=\"https:\/\/lyceedelessouriau.fr\/wp-content\/uploads\/2025\/07\/3-fonctionnement_restauration-scolaire-2025.26-mis-a-jour.pdf\">3-fonctionnement_restauration scolaire 2025.26 mis \u00e0 jour<\/a><a href=\"https:\/\/lyceedelessouriau.fr\/wp-content\/uploads\/2025\/07\/3-fonctionnement_restauration-scolaire-2025.26-mis-a-jour.pdf\" class=\"wp-block-file__button wp-element-button\" download aria-describedby=\"wp-block-file--media-5b20872f-598b-4088-9fa0-ae6f536d9abb\">T\u00e9l\u00e9charger<\/a><\/div>\n","protected":false},"excerpt":{"rendered":"<p>RETROUVEZ LE MENU DE LA SEMAINE &nbsp;ICI. La Calculette de quotient familial&#8221; vous permettra de r\u00e9cup\u00e9rer votre attestation pour la restauration scolaire qu&#8217;il faudra remettre au service de gestion de l&#8217;\u00e9tablissement. NOUVEAU : Veuillez trouver ci-dessous l&#8217;affiche concernant le t\u00e9l\u00e9chargement de la nouvelle application de restauration Turboself&nbsp; ainsi que le nouveau lien&nbsp; pour cr\u00e9er un [&hellip;]<\/p>\n","protected":false},"author":1,"featured_media":0,"parent":0,"menu_order":0,"comment_status":"closed","ping_status":"closed","template":"","meta":{"footnotes":""},"class_list":["post-3042","page","type-page","status-publish","hentry"],"_links":{"self":[{"href":"https:\/\/lyceedelessouriau.fr\/index.php\/wp-json\/wp\/v2\/pages\/3042","targetHints":{"allow":["GET"]}}],"collection":[{"href":"https:\/\/lyceedelessouriau.fr\/index.php\/wp-json\/wp\/v2\/pages"}],"about":[{"href":"https:\/\/lyceedelessouriau.fr\/index.php\/wp-json\/wp\/v2\/types\/page"}],"author":[{"embeddable":true,"href":"https:\/\/lyceedelessouriau.fr\/index.php\/wp-json\/wp\/v2\/users\/1"}],"replies":[{"embeddable":true,"href":"https:\/\/lyceedelessouriau.fr\/index.php\/wp-json\/wp\/v2\/comments?post=3042"}],"version-history":[{"count":12,"href":"https:\/\/lyceedelessouriau.fr\/index.php\/wp-json\/wp\/v2\/pages\/3042\/revisions"}],"predecessor-version":[{"id":3195,"href":"https:\/\/lyceedelessouriau.fr\/index.php\/wp-json\/wp\/v2\/pages\/3042\/revisions\/3195"}],"wp:attachment":[{"href":"https:\/\/lyceedelessouriau.fr\/index.php\/wp-json\/wp\/v2\/media?parent=3042"}],"curies":[{"name":"wp","href":"https:\/\/api.w.org\/{rel}","templated":true}]}}