{"id":260,"date":"2021-04-12T18:47:27","date_gmt":"2021-04-12T16:47:27","guid":{"rendered":"http:\/\/lyceedelessouriau.fr\/?page_id=260"},"modified":"2021-06-21T11:14:28","modified_gmt":"2021-06-21T09:14:28","slug":"parents-deleves","status":"publish","type":"page","link":"https:\/\/lyceedelessouriau.fr\/index.php\/information-pratiques\/parents-deleves\/","title":{"rendered":"Associations Parents d&#8217;\u00e9l\u00e8ves"},"content":{"rendered":"\n<h3 class=\"wp-block-heading\">L\u2019APEE est l\u2019Association des Parents d\u2019El\u00e8ves de l\u2019Essouriau<\/h3>\n\n\n\n<figure class=\"wp-block-image is-style-default\"><img decoding=\"async\" src=\"https:\/\/apeessouriau.files.wordpress.com\/2020\/07\/cropped-cape91-apee-1000x350-1.png\" alt=\"APEE\"\/><\/figure>\n\n\n\n<p><strong>Adresse postale :<\/strong><\/p>\n\n\n\n<p>Association des parents d\u2019\u00e9l\u00e8ves du lyc\u00e9e de l\u2019Essouriau.<br>Lyc\u00e9e de l\u2019Essouriau \u2013 BP 1031<br>Avenue de Dordogne<br>91940 LES ULIS<\/p>\n\n\n\n<p>Contact&nbsp;:&nbsp;<a href=\"mailto:apeessouriau@gmail.com\">apeessouriau@gmail.com<\/a><\/p>\n\n\n\n<p><a href=\"https:\/\/apeessouriau.wordpress.com\/\">https:\/\/apeessouriau.wordpress.com\/<\/a><\/p>\n\n\n\n<h3 class=\"wp-block-heading\">La PILE<\/h3>\n\n\n\n<p>Parents Ind\u00e9pendants du Lyc\u00e9e de l\u2019Essouriau.<\/p>\n\n\n\n<p>Contact&nbsp;:&nbsp;<a href=\"mailto:pile91940@gmail.com\">pile91940@gmail.com<\/a><\/p>\n","protected":false},"excerpt":{"rendered":"<p>L\u2019APEE est l\u2019Association des Parents d\u2019El\u00e8ves de l\u2019Essouriau Adresse postale : Association des parents d\u2019\u00e9l\u00e8ves du lyc\u00e9e de l\u2019Essouriau.Lyc\u00e9e de l\u2019Essouriau \u2013 BP 1031Avenue de Dordogne91940 LES ULIS Contact&nbsp;:&nbsp;apeessouriau@gmail.com https:\/\/apeessouriau.wordpress.com\/ La PILE Parents Ind\u00e9pendants du Lyc\u00e9e de l\u2019Essouriau. Contact&nbsp;:&nbsp;pile91940@gmail.com<\/p>\n","protected":false},"author":1,"featured_media":0,"parent":42,"menu_order":18,"comment_status":"closed","ping_status":"closed","template":"page-template\/right-sidebar-page.php","meta":{"footnotes":""},"class_list":["post-260","page","type-page","status-publish","hentry"],"_links":{"self":[{"href":"https:\/\/lyceedelessouriau.fr\/index.php\/wp-json\/wp\/v2\/pages\/260","targetHints":{"allow":["GET"]}}],"collection":[{"href":"https:\/\/lyceedelessouriau.fr\/index.php\/wp-json\/wp\/v2\/pages"}],"about":[{"href":"https:\/\/lyceedelessouriau.fr\/index.php\/wp-json\/wp\/v2\/types\/page"}],"author":[{"embeddable":true,"href":"https:\/\/lyceedelessouriau.fr\/index.php\/wp-json\/wp\/v2\/users\/1"}],"replies":[{"embeddable":true,"href":"https:\/\/lyceedelessouriau.fr\/index.php\/wp-json\/wp\/v2\/comments?post=260"}],"version-history":[{"count":5,"href":"https:\/\/lyceedelessouriau.fr\/index.php\/wp-json\/wp\/v2\/pages\/260\/revisions"}],"predecessor-version":[{"id":1033,"href":"https:\/\/lyceedelessouriau.fr\/index.php\/wp-json\/wp\/v2\/pages\/260\/revisions\/1033"}],"up":[{"embeddable":true,"href":"https:\/\/lyceedelessouriau.fr\/index.php\/wp-json\/wp\/v2\/pages\/42"}],"wp:attachment":[{"href":"https:\/\/lyceedelessouriau.fr\/index.php\/wp-json\/wp\/v2\/media?parent=260"}],"curies":[{"name":"wp","href":"https:\/\/api.w.org\/{rel}","templated":true}]}}