{"id":256,"date":"2021-04-12T18:43:55","date_gmt":"2021-04-12T16:43:55","guid":{"rendered":"http:\/\/lyceedelessouriau.fr\/?page_id=256"},"modified":"2024-06-20T09:13:34","modified_gmt":"2024-06-20T07:13:34","slug":"service-medico-social","status":"publish","type":"page","link":"https:\/\/lyceedelessouriau.fr\/index.php\/information-pratiques\/service-medico-social\/","title":{"rendered":"Service m\u00e9dico-social"},"content":{"rendered":"\n<h3 class=\"wp-block-heading\">L&#8217;infirmerie<\/h3>\n\n\n\n<p>L&#8217;infirmerie est un lieu d&#8217;accueil, d&#8217;\u00e9coute, , d&#8217;orientation, de soins, de consultations, de d\u00e9pistages, d&#8217;\u00e9ducation \u00e0 la sant\u00e9, des soins d&#8217;urgence pour les \u00e9l\u00e8ves et \u00e9tudiants du lyc\u00e9e.<\/p>\n\n\n\n<p>Mme BERTHIER, infirmi\u00e8re de l\u2019\u00e9ducation nationale, est pr\u00e9sente le lundi de 8h30 \u00e0 16h45, le mardi de 8h30 \u00e0 16h40, le mercredi de 8h30 \u00e0 12h30, le jeudi de 8h30 \u00e0 16h45, et le vendredi de 8h30 \u00e0 15h30.<\/p>\n\n\n\n<p>Elle s&#8217;assure de la mise en place des P.A.I (Projet d&#8217;Accueil Individualis\u00e9) pour les \u00e9l\u00e8ves qui souffrent de pathologies chroniques.<\/p>\n\n\n\n<p>Elle participe aux \u00e9quipes de suivi de scolarit\u00e9 (ESS) pour les \u00e9l\u00e8ves qui ont besoin de Projet Personnalis\u00e9 de Scolarit\u00e9 (PPS) organis\u00e9es par l\u2019enseignant r\u00e9f\u00e9rent MDPH<\/p>\n\n\n\n<p>Elle participe au CESCE (comit\u00e9 d\u2019\u00e9ducation \u00e0 la sant\u00e9 \u00e0 la citoyennet\u00e9 et \u00e0 l\u2019environnement).<\/p>\n\n\n\n<p><\/p>\n\n\n\n<h3 class=\"wp-block-heading\">Service social scolaire <\/h3>\n\n\n\n<p>Le Service social scolaire a pour mission d\u2019aider l\u2019\u00e9l\u00e8ve \u00e0 construire son projet personnel pour favoriser une entr\u00e9e aussi satisfaisante que possible dans sa vie d\u2019adulte, sous ses aspects professionnels, sociaux et humains.<\/p>\n\n\n\n<p>Il concourt \u00e0 l\u2019\u00e9galit\u00e9 des chances et \u00e0 la lutte contre les in\u00e9galit\u00e9s sociales et territoriales en mati\u00e8re de r\u00e9ussite scolaire et \u00e9ducative.<\/p>\n\n\n\n<p>L\u2019assistante sociale scolaire travaille en collaboration avec l\u2019\u00e9l\u00e8ve, sa famille, la communaut\u00e9 scolaire<strong> <\/strong>et les partenaires ext\u00e9rieurs dans le respect des r\u00e8gles d\u00e9ontologiques.<\/p>\n\n\n\n<p>Elle s\u2019inscrit dans la pr\u00e9vention et la prise en charge de l\u2019\u00e9chec scolaire, de l\u2019absent\u00e9isme et du d\u00e9crochage.<\/p>\n\n\n\n<p>Elle contribue \u00e0 la protection des jeunes en danger ou en risque de l\u2019\u00eatre.<\/p>\n\n\n\n<p>Elle soutient et accompagne les parents dans leur fonction \u00e9ducative et assure un r\u00f4le de m\u00e9diateur dans les situations de tensions, conflits et rupture de dialogue.<\/p>\n\n\n\n<p>Elle concourt &nbsp;\u00e0 la pr\u00e9vention des violences et du harc\u00e8lement.<\/p>\n\n\n\n<p>Elle facilite l\u2019acc\u00e8s aux droits.<\/p>\n\n\n\n<p>Elle re\u00e7oit pour des entretiens individuels au sein de ses \u00e9tablissements scolaires ou \u00e0 domicile si besoin. Apr\u00e8s \u00e9valuation de la situation, elle peut proposer un accompagnement, une orientation ou transmettre un \u00e9crit professionnel en r\u00e9ponse aux difficult\u00e9s sp\u00e9cifiques de l\u2019\u00e9l\u00e8ve.<\/p>\n\n\n\n<p>Elle participe \u00e0 la vie institutionnelle de l\u2019\u00e9tablissement et aux diff\u00e9rentes instances sur le territoire.<\/p>\n\n\n\n<p><strong>Mme DORVILLE<\/strong> assure des permanences sur deux \u00e9tablissements scolaires des Ulis&nbsp;: Coll\u00e8ge Mondetour et Lyc\u00e9e de l\u2019Essouriau.<\/p>\n\n\n\n<p>Elle est pr\u00e9sente au lyc\u00e9e le lundi, mardi apr\u00e8s midi et vendredi.<\/p>\n","protected":false},"excerpt":{"rendered":"<p>L&#8217;infirmerie L&#8217;infirmerie est un lieu d&#8217;accueil, d&#8217;\u00e9coute, , d&#8217;orientation, de soins, de consultations, de d\u00e9pistages, d&#8217;\u00e9ducation \u00e0 la sant\u00e9, des soins d&#8217;urgence pour les \u00e9l\u00e8ves et \u00e9tudiants du lyc\u00e9e. Mme BERTHIER, infirmi\u00e8re de l\u2019\u00e9ducation nationale, est pr\u00e9sente le lundi de 8h30 \u00e0 16h45, le mardi de 8h30 \u00e0 16h40, le mercredi de 8h30 \u00e0 12h30, [&hellip;]<\/p>\n","protected":false},"author":1,"featured_media":0,"parent":42,"menu_order":16,"comment_status":"closed","ping_status":"closed","template":"page-template\/right-sidebar-page.php","meta":{"footnotes":""},"class_list":["post-256","page","type-page","status-publish","hentry"],"_links":{"self":[{"href":"https:\/\/lyceedelessouriau.fr\/index.php\/wp-json\/wp\/v2\/pages\/256","targetHints":{"allow":["GET"]}}],"collection":[{"href":"https:\/\/lyceedelessouriau.fr\/index.php\/wp-json\/wp\/v2\/pages"}],"about":[{"href":"https:\/\/lyceedelessouriau.fr\/index.php\/wp-json\/wp\/v2\/types\/page"}],"author":[{"embeddable":true,"href":"https:\/\/lyceedelessouriau.fr\/index.php\/wp-json\/wp\/v2\/users\/1"}],"replies":[{"embeddable":true,"href":"https:\/\/lyceedelessouriau.fr\/index.php\/wp-json\/wp\/v2\/comments?post=256"}],"version-history":[{"count":5,"href":"https:\/\/lyceedelessouriau.fr\/index.php\/wp-json\/wp\/v2\/pages\/256\/revisions"}],"predecessor-version":[{"id":2709,"href":"https:\/\/lyceedelessouriau.fr\/index.php\/wp-json\/wp\/v2\/pages\/256\/revisions\/2709"}],"up":[{"embeddable":true,"href":"https:\/\/lyceedelessouriau.fr\/index.php\/wp-json\/wp\/v2\/pages\/42"}],"wp:attachment":[{"href":"https:\/\/lyceedelessouriau.fr\/index.php\/wp-json\/wp\/v2\/media?parent=256"}],"curies":[{"name":"wp","href":"https:\/\/api.w.org\/{rel}","templated":true}]}}