{"id":2474,"date":"2023-12-19T16:07:31","date_gmt":"2023-12-19T15:07:31","guid":{"rendered":"https:\/\/lyceedelessouriau.fr\/?page_id=2474"},"modified":"2025-09-04T11:28:56","modified_gmt":"2025-09-04T09:28:56","slug":"la-seconde-professionnelle-mgatl-metiers-de-la-gestion-administrative-du-transport-et-de-la-logistique","status":"publish","type":"page","link":"https:\/\/lyceedelessouriau.fr\/index.php\/la-seconde-professionnelle-mgatl-metiers-de-la-gestion-administrative-du-transport-et-de-la-logistique\/","title":{"rendered":"La Seconde professionnelle MGATL"},"content":{"rendered":"\n<p><strong>(M\u00e9tiers de la Gestion Administrative, du Transport et de la Logistique)<\/strong><\/p>\n\n\n\n<p>Cette Seconde regroupe tous les m\u00e9tiers qui interviennent dans la r\u00e9alisation d\u2019op\u00e9rations fondamentales pour les entreprises : la gestion administrative interne et la gestion administrative de projets, la facturation clients, la gestion administrative du personnel, le traitement des commandes, la gestion des flux entrants et sortants de marchandises, le suivi et l\u2019optimisation du stockage.<\/p>\n\n\n\n<p><strong>Contenus p\u00e9dagogiques<\/strong><\/p>\n\n\n\n<p>Cette premi\u00e8re ann\u00e9e de lyc\u00e9e permet de tester les go\u00fbts et les aptitudes de chacun en d\u00e9couvrant de nouvelles disciplines avant la poursuite d\u2019un bac professionnel sp\u00e9cialis\u00e9. Des tests de positionnement sont r\u00e9alis\u00e9s en d\u00e9but d\u2019ann\u00e9e afin d\u2019identifier les acquis et les besoins de chaque \u00e9l\u00e8ve, en vue de leur proposer un accompagnement pers<a><\/a>onnalis\u00e9 adapt\u00e9.&nbsp;<\/p>\n\n\n\n<p>Cette formation propose \u00e9galement une p\u00e9riode de stage de 6 semaines.<\/p>\n\n\n\n<p><strong>Poursuite d&#8217;\u00e9tudes<\/strong><\/p>\n\n\n\n<p>Quelle poursuite d\u2019\u00e9tudes envisager ?<\/p>\n\n\n\n<p>Voici les formations que vous pourrez suivre apr\u00e8s avoir suivi une seconde M\u00e9tiers de la Gestion Administrative, du Transport et de la Logistique&nbsp;(MGATL).<\/p>\n\n\n\n<p><em>Au sein du lyc\u00e9e de l\u2019Essouriau :<\/em><\/p>\n\n\n\n<p><strong><a href=\"http:\/\/lyceedelessouriau.fr\/index.php\/lycee-professionnel\/le-baccalaureat-professionnel-ga\/\">Bac professionnel Assistance \u00e0 la gestion des organisations et de leurs activit\u00e9s (AGOrA)<\/a><\/strong><\/p>\n\n\n\n<p><em>Autres poursuites d\u2019\u00e9tudes :<\/em><\/p>\n\n\n\n<p>&nbsp;Bac professionnel logistique<\/p>\n\n\n\n<p>Bac professionnel transport<\/p>\n\n\n\n<p><\/p>\n","protected":false},"excerpt":{"rendered":"<p>(M\u00e9tiers de la Gestion Administrative, du Transport et de la Logistique) Cette Seconde regroupe tous les m\u00e9tiers qui interviennent dans la r\u00e9alisation d\u2019op\u00e9rations fondamentales pour les entreprises : la gestion administrative interne et la gestion administrative de projets, la facturation clients, la gestion administrative du personnel, le traitement des commandes, la gestion des flux entrants [&hellip;]<\/p>\n","protected":false},"author":1,"featured_media":0,"parent":0,"menu_order":0,"comment_status":"closed","ping_status":"closed","template":"","meta":{"footnotes":""},"class_list":["post-2474","page","type-page","status-publish","hentry"],"_links":{"self":[{"href":"https:\/\/lyceedelessouriau.fr\/index.php\/wp-json\/wp\/v2\/pages\/2474","targetHints":{"allow":["GET"]}}],"collection":[{"href":"https:\/\/lyceedelessouriau.fr\/index.php\/wp-json\/wp\/v2\/pages"}],"about":[{"href":"https:\/\/lyceedelessouriau.fr\/index.php\/wp-json\/wp\/v2\/types\/page"}],"author":[{"embeddable":true,"href":"https:\/\/lyceedelessouriau.fr\/index.php\/wp-json\/wp\/v2\/users\/1"}],"replies":[{"embeddable":true,"href":"https:\/\/lyceedelessouriau.fr\/index.php\/wp-json\/wp\/v2\/comments?post=2474"}],"version-history":[{"count":5,"href":"https:\/\/lyceedelessouriau.fr\/index.php\/wp-json\/wp\/v2\/pages\/2474\/revisions"}],"predecessor-version":[{"id":3211,"href":"https:\/\/lyceedelessouriau.fr\/index.php\/wp-json\/wp\/v2\/pages\/2474\/revisions\/3211"}],"wp:attachment":[{"href":"https:\/\/lyceedelessouriau.fr\/index.php\/wp-json\/wp\/v2\/media?parent=2474"}],"curies":[{"name":"wp","href":"https:\/\/api.w.org\/{rel}","templated":true}]}}