{"id":2468,"date":"2023-12-19T16:02:05","date_gmt":"2023-12-19T15:02:05","guid":{"rendered":"https:\/\/lyceedelessouriau.fr\/?page_id=2468"},"modified":"2025-09-04T11:29:38","modified_gmt":"2025-09-04T09:29:38","slug":"la-seconde-mtne-metiers-des-transitions-numerique-energetique","status":"publish","type":"page","link":"https:\/\/lyceedelessouriau.fr\/index.php\/la-seconde-mtne-metiers-des-transitions-numerique-energetique\/","title":{"rendered":"La Seconde professionnelle MTNE"},"content":{"rendered":"\n<p><strong>(M\u00e9tiers des Transitions Num\u00e9rique &amp; Energ\u00e9tique)<\/strong><\/p>\n\n\n\n<p><em>Depuis la rentr\u00e9e de septembre 2021&nbsp;:<\/em><br>Dans le cadre de la r\u00e9forme des formations professionnelles, le lyc\u00e9e l\u2019Essouriau propose, apr\u00e8s une classe de 3<sup>e<\/sup>, d\u2019int\u00e9grer la seconde Pro&nbsp;MTNE.<\/p>\n\n\n\n<p>La seconde MTNE (M\u00e9tiers des Transitions Num\u00e9rique et Energ\u00e9tique) est une seconde professionnelle commune \u00e0 la famille des m\u00e9tiers qui regroupe 5 Bac Pro.<\/p>\n\n\n\n<ul class=\"wp-block-list\">\n<li><a href=\"http:\/\/lyceedelessouriau.fr\/index.php\/lycee-professionnel\/le-baccalaureat-professionnel-ciel-cybersecurite-informatique-et-reseaux-electroniques\/\">&nbsp;<strong>Cybers\u00e9curit\u00e9, Informatique et R\u00e9seaux, ELectronique (CIEL)<\/strong><\/a><\/li>\n<\/ul>\n\n\n\n<ul class=\"wp-block-list\">\n<li><strong><a href=\"http:\/\/lyceedelessouriau.fr\/index.php\/lycee-professionnel\/le-baccalaureat-professionnel-melc\/\">M\u00e9tiers de l\u2019\u00c9lectricit\u00e9 et de ses Environnements Connect\u00e9s (M.E.L.E.C.)<\/a><\/strong><\/li>\n<\/ul>\n\n\n\n<ul class=\"wp-block-list\">\n<li>M\u00e9tiers du Froid et des \u00c9nergies Renouvelables (M.F.E.R.),<\/li>\n<\/ul>\n\n\n\n<ul class=\"wp-block-list\">\n<li>Installateur en Chauffage, Climatisation et \u00c9nergie Renouvelable (I.C.C.E.R.)<\/li>\n<\/ul>\n\n\n\n<ul class=\"wp-block-list\">\n<li>Maintenance et Efficacit\u00e9 \u00c9nerg\u00e9tique (M.E.E.).<\/li>\n<\/ul>\n\n\n\n<p>L\u2019\u00e9l\u00e8ve de cette 2<sup>de<\/sup>&nbsp;professionnelle pourra acqu\u00e9rir des comp\u00e9tences communes portant sur les activit\u00e9s de&nbsp;:<\/p>\n\n\n\n<ul class=\"wp-block-list\">\n<li>conna\u00eetre les r\u00e9seaux \u00e9lectriques, climatiques et de communication des b\u00e2timents (dont d\u00e9ploiement de la fibre optique et c\u00e2blages informatiques VDI)<\/li>\n\n\n\n<li>conna\u00eetre le fonctionnement des r\u00e9seaux informatiques<\/li>\n\n\n\n<li>lire, interpr\u00e9ter, modifier un sch\u00e9ma<\/li>\n\n\n\n<li>concevoir et r\u00e9aliser une installation \u00e9lectrique<\/li>\n\n\n\n<li>mette en service des automatismes, syst\u00e8mes domotique (objets connect\u00e9s), etc.<\/li>\n\n\n\n<li>programmer<\/li>\n\n\n\n<li>\u00eatre capable de g\u00e9rer l\u2019\u00e9nergie et la transformation des syst\u00e8mes pour tenir compte des enjeux climatiques<\/li>\n<\/ul>\n\n\n\n<p>Au cours de l\u2019ann\u00e9e, les \u00e9l\u00e8ves ont des P\u00e9riodes de Formation en Milieu Professionnel (PFMP).<\/p>\n\n\n\n<p>Le choix du Bac Pro CIEL, MELEC,MFER, ICCER ou MEE ne se fait qu\u2019\u00e0 la fin de la seconde.<\/p>\n\n\n\n<p>Dans notre lyc\u00e9e, nous proposons les Baccalaur\u00e9ats Professionnels suivants&nbsp;:<\/p>\n\n\n\n<ul class=\"wp-block-list\">\n<li><strong><a href=\"http:\/\/lyceedelessouriau.fr\/index.php\/lycee-professionnel\/le-baccalaureat-professionnel-melc\/\">M\u00e9tiers de l\u2019\u00c9lectricit\u00e9 et de ses Environnements Connect\u00e9s (M.E.L.E.C.)<\/a><\/strong><\/li>\n<\/ul>\n\n\n\n<ul class=\"wp-block-list\">\n<li><strong><a href=\"http:\/\/lyceedelessouriau.fr\/index.php\/lycee-professionnel\/le-baccalaureat-professionnel-ciel-cybersecurite-informatique-et-reseaux-electroniques\/\">Cybers\u00e9curit\u00e9, Informatique et R\u00e9seaux, ELectronique (CIEL)<\/a><\/strong><\/li>\n<\/ul>\n\n\n\n<p><\/p>\n","protected":false},"excerpt":{"rendered":"<p>(M\u00e9tiers des Transitions Num\u00e9rique &amp; Energ\u00e9tique) Depuis la rentr\u00e9e de septembre 2021&nbsp;:Dans le cadre de la r\u00e9forme des formations professionnelles, le lyc\u00e9e l\u2019Essouriau propose, apr\u00e8s une classe de 3e, d\u2019int\u00e9grer la seconde Pro&nbsp;MTNE. La seconde MTNE (M\u00e9tiers des Transitions Num\u00e9rique et Energ\u00e9tique) est une seconde professionnelle commune \u00e0 la famille des m\u00e9tiers qui regroupe 5 [&hellip;]<\/p>\n","protected":false},"author":1,"featured_media":0,"parent":0,"menu_order":0,"comment_status":"closed","ping_status":"closed","template":"","meta":{"footnotes":""},"class_list":["post-2468","page","type-page","status-publish","hentry"],"_links":{"self":[{"href":"https:\/\/lyceedelessouriau.fr\/index.php\/wp-json\/wp\/v2\/pages\/2468","targetHints":{"allow":["GET"]}}],"collection":[{"href":"https:\/\/lyceedelessouriau.fr\/index.php\/wp-json\/wp\/v2\/pages"}],"about":[{"href":"https:\/\/lyceedelessouriau.fr\/index.php\/wp-json\/wp\/v2\/types\/page"}],"author":[{"embeddable":true,"href":"https:\/\/lyceedelessouriau.fr\/index.php\/wp-json\/wp\/v2\/users\/1"}],"replies":[{"embeddable":true,"href":"https:\/\/lyceedelessouriau.fr\/index.php\/wp-json\/wp\/v2\/comments?post=2468"}],"version-history":[{"count":8,"href":"https:\/\/lyceedelessouriau.fr\/index.php\/wp-json\/wp\/v2\/pages\/2468\/revisions"}],"predecessor-version":[{"id":3213,"href":"https:\/\/lyceedelessouriau.fr\/index.php\/wp-json\/wp\/v2\/pages\/2468\/revisions\/3213"}],"wp:attachment":[{"href":"https:\/\/lyceedelessouriau.fr\/index.php\/wp-json\/wp\/v2\/media?parent=2468"}],"curies":[{"name":"wp","href":"https:\/\/api.w.org\/{rel}","templated":true}]}}