{"id":219,"date":"2021-04-12T18:33:28","date_gmt":"2021-04-12T16:33:28","guid":{"rendered":"http:\/\/lyceedelessouriau.fr\/?page_id=219"},"modified":"2022-02-20T13:13:47","modified_gmt":"2022-02-20T12:13:47","slug":"erasmus-ouverture-euro","status":"publish","type":"page","link":"https:\/\/lyceedelessouriau.fr\/index.php\/partenaires\/erasmus-ouverture-euro\/","title":{"rendered":"Erasmus ouverture europ\u00e9enne"},"content":{"rendered":"\n<p>MOBILITE EN EUROPE<\/p>\n\n\n\n<p><strong>Le baccalaur\u00e9at professionnel <\/strong><strong>est un dipl\u00f4me national. Il permet l&#8217;insertion professionnelle des candidats re\u00e7us, mais il permet \u00e9galement d\u2019envisager une poursuite d\u2019\u00e9tude.<\/strong><\/p>\n\n\n\n<p><strong>Il y a <\/strong><em><strong>22 semaines de p\u00e9riode de stage en milieu professionnel<\/strong><\/em><strong> r\u00e9parties sur les 3 ann\u00e9es de formation, qui sont obligatoires pour valider le cursus.<\/strong><\/p>\n\n\n\n<p><strong>Afin d\u2019\u00eatre flexible, polyvalent, mobile sur le march\u00e9 de l\u2019emploi,\u00a0 dix \u00e9l\u00e8ves de Terminale (bac Assistance \u00e0 la gestion des Organisations et de leurs Activit\u00e9s -AGORA et Bac M\u00e9tiers de l\u2019Electricit\u00e9 et des ses Environnements Connect\u00e9s -MELEC) auront l\u2019opportunit\u00e9 d\u2019effectuer un stage de 4 semaines \u00e0 l\u2019\u00e9tranger, en Europe.<\/strong><\/p>\n\n\n\n<p><strong>Une attestation de stage \u00e0 l\u2019\u00e9tranger sera d\u00e9livr\u00e9e \u00e0 tous les participants et ils auront aussi l\u2019opportunit\u00e9 de passer l\u2019option \u00ab&nbsp;Mobilit\u00e9&nbsp;\u00bb au baccalaur\u00e9at.<\/strong><\/p>\n\n\n\n<figure class=\"wp-block-image size-large is-resized is-style-rounded\"><img loading=\"lazy\" decoding=\"async\" src=\"http:\/\/lyceedelessouriau.fr\/wp-content\/uploads\/2022\/02\/1-857x1024.jpg\" alt=\"\" class=\"wp-image-1540\" width=\"396\" height=\"472\" srcset=\"https:\/\/lyceedelessouriau.fr\/wp-content\/uploads\/2022\/02\/1-857x1024.jpg 857w, https:\/\/lyceedelessouriau.fr\/wp-content\/uploads\/2022\/02\/1-251x300.jpg 251w, https:\/\/lyceedelessouriau.fr\/wp-content\/uploads\/2022\/02\/1-768x918.jpg 768w, https:\/\/lyceedelessouriau.fr\/wp-content\/uploads\/2022\/02\/1.jpg 1178w\" sizes=\"auto, (max-width: 396px) 100vw, 396px\" \/><\/figure>\n\n\n\n<figure class=\"wp-block-image size-large is-resized is-style-rounded\"><img loading=\"lazy\" decoding=\"async\" src=\"http:\/\/lyceedelessouriau.fr\/wp-content\/uploads\/2022\/02\/2-835x1024.jpg\" alt=\"\" class=\"wp-image-1541\" width=\"354\" height=\"434\" srcset=\"https:\/\/lyceedelessouriau.fr\/wp-content\/uploads\/2022\/02\/2-835x1024.jpg 835w, https:\/\/lyceedelessouriau.fr\/wp-content\/uploads\/2022\/02\/2-245x300.jpg 245w, https:\/\/lyceedelessouriau.fr\/wp-content\/uploads\/2022\/02\/2-768x942.jpg 768w, https:\/\/lyceedelessouriau.fr\/wp-content\/uploads\/2022\/02\/2.jpg 1195w\" sizes=\"auto, (max-width: 354px) 100vw, 354px\" \/><\/figure>\n\n\n\n<figure class=\"wp-block-image size-large is-resized is-style-rounded\"><img loading=\"lazy\" decoding=\"async\" src=\"http:\/\/lyceedelessouriau.fr\/wp-content\/uploads\/2022\/02\/3-820x1024.jpg\" alt=\"\" class=\"wp-image-1542\" width=\"516\" height=\"644\" srcset=\"https:\/\/lyceedelessouriau.fr\/wp-content\/uploads\/2022\/02\/3-820x1024.jpg 820w, https:\/\/lyceedelessouriau.fr\/wp-content\/uploads\/2022\/02\/3-240x300.jpg 240w, https:\/\/lyceedelessouriau.fr\/wp-content\/uploads\/2022\/02\/3-768x959.jpg 768w, https:\/\/lyceedelessouriau.fr\/wp-content\/uploads\/2022\/02\/3.jpg 1100w\" sizes=\"auto, (max-width: 516px) 100vw, 516px\" \/><\/figure>\n\n\n\n<p><\/p>\n","protected":false},"excerpt":{"rendered":"<p>MOBILITE EN EUROPE Le baccalaur\u00e9at professionnel est un dipl\u00f4me national. Il permet l&#8217;insertion professionnelle des candidats re\u00e7us, mais il permet \u00e9galement d\u2019envisager une poursuite d\u2019\u00e9tude. Il y a 22 semaines de p\u00e9riode de stage en milieu professionnel r\u00e9parties sur les 3 ann\u00e9es de formation, qui sont obligatoires pour valider le cursus. Afin d\u2019\u00eatre flexible, polyvalent, [&hellip;]<\/p>\n","protected":false},"author":1,"featured_media":0,"parent":40,"menu_order":5,"comment_status":"closed","ping_status":"closed","template":"page-template\/right-sidebar-page.php","meta":{"footnotes":""},"class_list":["post-219","page","type-page","status-publish","hentry"],"_links":{"self":[{"href":"https:\/\/lyceedelessouriau.fr\/index.php\/wp-json\/wp\/v2\/pages\/219","targetHints":{"allow":["GET"]}}],"collection":[{"href":"https:\/\/lyceedelessouriau.fr\/index.php\/wp-json\/wp\/v2\/pages"}],"about":[{"href":"https:\/\/lyceedelessouriau.fr\/index.php\/wp-json\/wp\/v2\/types\/page"}],"author":[{"embeddable":true,"href":"https:\/\/lyceedelessouriau.fr\/index.php\/wp-json\/wp\/v2\/users\/1"}],"replies":[{"embeddable":true,"href":"https:\/\/lyceedelessouriau.fr\/index.php\/wp-json\/wp\/v2\/comments?post=219"}],"version-history":[{"count":3,"href":"https:\/\/lyceedelessouriau.fr\/index.php\/wp-json\/wp\/v2\/pages\/219\/revisions"}],"predecessor-version":[{"id":1543,"href":"https:\/\/lyceedelessouriau.fr\/index.php\/wp-json\/wp\/v2\/pages\/219\/revisions\/1543"}],"up":[{"embeddable":true,"href":"https:\/\/lyceedelessouriau.fr\/index.php\/wp-json\/wp\/v2\/pages\/40"}],"wp:attachment":[{"href":"https:\/\/lyceedelessouriau.fr\/index.php\/wp-json\/wp\/v2\/media?parent=219"}],"curies":[{"name":"wp","href":"https:\/\/api.w.org\/{rel}","templated":true}]}}