{"id":156,"date":"2021-04-12T18:00:35","date_gmt":"2021-04-12T16:00:35","guid":{"rendered":"http:\/\/lyceedelessouriau.fr\/?page_id=156"},"modified":"2022-11-29T12:59:19","modified_gmt":"2022-11-29T11:59:19","slug":"psyen","status":"publish","type":"page","link":"https:\/\/lyceedelessouriau.fr\/index.php\/orientation\/psyen\/","title":{"rendered":"Les Psy-EN (Psychologues de l&#8217;Education Nationale)"},"content":{"rendered":"\n<p>Mme DURANONA et Mme VIGUERAS <\/p>\n\n\n\n<p>vous proposent de vous accompagner dans votre projet scolaire et professionnel.                                        Elles vous offrent \u00e9galement un espace et un temps d&#8217;\u00e9coute durant lequel vous pourrez vous exprimer librement sur toutes les autres questions qui vous traversent (stress, relation \u00e0 soi et aux autres, etc&#8230;)<\/p>\n\n\n\n<p><br><em>Permanence au lyc\u00e9e : Lundi, mercredi, jeudi selon agenda. <\/em><\/p>\n\n\n\n<p><strong>Les rendez-vous se prennent aupr\u00e8s des professeurs-documentalistes. Les RDV se font au premier \u00e9tage du CDI.<\/strong><\/p>\n\n\n\n<p><\/p>\n\n\n\n<p>Permanence au CIO de Massy (10 avenue du Noyer Lambert 91300 Massy 01.69.53.68.75) : vendredi et samedi matin (selon calendrier). Les rendez-vous se prennent aupr\u00e8s du <strong>secr\u00e9tariat du CIO.<\/strong><\/p>\n\n\n\n<p><\/p>\n\n\n\n<h1 class=\"wp-block-heading\">Les missions&nbsp;des PSY-En : contribuer au parcours de r\u00e9ussite des \u00e9l\u00e8ves<\/h1>\n\n\n\n<p>Les psychologues de l\u2019\u00c9ducation nationale exercent leur m\u00e9tier&nbsp;<strong>dans le respect des principes d\u00e9ontologiques et \u00e9thiques de la profession r\u00e9glement\u00e9e de psychologue<\/strong>. Ils mobilisent leur expertise au service de la&nbsp;<strong>prise en compte du d\u00e9veloppement psychologique, cognitif et social des \u00e9l\u00e8ves<\/strong>&nbsp;pour assurer leur parcours de r\u00e9ussite. Ils apportent aux familles ainsi qu\u2019aux \u00e9quipes p\u00e9dagogiques et \u00e9ducatives un \u00e9clairage sp\u00e9cifique sur les \u00e9l\u00e8ves. Lorsque les circonstances l&#8217;exigent, ils participent aux initiatives mises en place dans le cadre de gestion des situations de crise. Ils contribuent ainsi \u00e0&nbsp;<strong>favoriser une approche bienveillante de l\u2019\u00c9cole<\/strong>.<\/p>\n\n\n\n<h2 class=\"wp-block-heading\">Les missions du psychologue de l&#8217;\u00c9ducation nationale de la sp\u00e9cialit\u00e9 &#8220;\u00e9ducation, d\u00e9veloppement et conseil en orientation scolaire et professionnelle&#8221;<\/h2>\n\n\n\n<p>La sp\u00e9cialit\u00e9 &#8220;\u00e9ducation, d\u00e9veloppement et conseil en orientation scolaire et professionnelle&#8221; s\u2019exerce aupr\u00e8s de coll\u00e9giens, lyc\u00e9ens et \u00e9tudiants.<\/p>\n\n\n\n<ul class=\"wp-block-list\">\n<li>Cr\u00e9er les conditions d\u2019un \u00e9quilibre psychologique&nbsp;des \u00e9l\u00e8ves&nbsp;favorisant leur r\u00e9ussite et leur investissement scolaire&nbsp;;<\/li>\n\n\n\n<li>Elaboration de leurs projets scolaires, universitaires et professionnels&nbsp;;<\/li>\n\n\n\n<li>Pr\u00e9vention et \u00e0 la rem\u00e9diation du d\u00e9crochage scolaire<\/li>\n<\/ul>\n\n\n\n<p><strong>Textes de r\u00e9f\u00e9rence<\/strong><\/p>\n\n\n\n<p><strong>Missions<\/strong><br><a href=\"http:\/\/www.education.gouv.fr\/pid285\/bulletin_officiel.html?cid_bo=115951\">circulaire n\u00b0 2017-079 du 28 avril 2017<\/a><\/p>\n\n\n\n<p><strong>R\u00e9f\u00e9rentiel de connaissances et de comp\u00e9tences<\/strong><br><a href=\"http:\/\/www.education.gouv.fr\/pid285\/bulletin_officiel.html?cid_bo=115971\">arr\u00eat\u00e9 du 26 avril 2017 &#8211; J.O. du 30 avril 2017<\/a><\/p>\n\n\n\n<p><strong>Modalit\u00e9s de mise en place du corps des psychologues de l&#8217;\u00e9ducation nationale au titre de l&#8217;ann\u00e9e scolaire 2017<\/strong><\/p>\n\n\n\n<p><a href=\"http:\/\/www.education.gouv.fr\/pid285\/bulletin_officiel.html?cid_bo=113621\">note de service n\u00b0 2017-042 du 28 f\u00e9vrier 2017<\/a><\/p>\n\n\n\n<p><strong>D\u00e9cret du 1er f\u00e9vrier portant dispositions statutaires relatives au nouveau corps de psychologues de l\u2019\u00c9ducation nationale<\/strong><br><a href=\"https:\/\/www.legifrance.gouv.fr\/eli\/decret\/2017\/2\/1\/MENH1635376D\/jo\">d\u00e9cret n\u00b0 2017-120 du 1er f\u00e9vrier 2017<\/a><\/p>\n\n\n\n<p><\/p>\n\n\n\n<p><em><span class=\"has-inline-color has-luminous-vivid-orange-color\">N&#8217;h\u00e9sitez pas \u00e0 consulter le site du <a href=\"https:\/\/www.ac-versailles.fr\/cio-massy\">CIO de Massy<\/a>, vous y trouverez  de nombreuses informations et ressources (Brochures &#8220;S&#8217;orienter apr\u00e8s la 2nde GT&#8221;, &#8220;Les sp\u00e9cialit\u00e9s : quelles formations avec quelles sp\u00e9cialit\u00e9s&#8221;, &#8220;Apr\u00e8s le Bac &#8230;)<\/span><\/em><\/p>\n\n\n\n<p><br><\/p>\n","protected":false},"excerpt":{"rendered":"<p>Mme DURANONA et Mme VIGUERAS vous proposent de vous accompagner dans votre projet scolaire et professionnel. Elles vous offrent \u00e9galement un espace et un temps d&#8217;\u00e9coute durant lequel vous pourrez vous exprimer librement sur toutes les autres questions qui vous traversent (stress, relation \u00e0 soi et aux autres, etc&#8230;) Permanence au lyc\u00e9e : Lundi, mercredi, [&hellip;]<\/p>\n","protected":false},"author":1,"featured_media":0,"parent":38,"menu_order":7,"comment_status":"closed","ping_status":"closed","template":"page-template\/right-sidebar-page.php","meta":{"footnotes":""},"class_list":["post-156","page","type-page","status-publish","hentry"],"_links":{"self":[{"href":"https:\/\/lyceedelessouriau.fr\/index.php\/wp-json\/wp\/v2\/pages\/156","targetHints":{"allow":["GET"]}}],"collection":[{"href":"https:\/\/lyceedelessouriau.fr\/index.php\/wp-json\/wp\/v2\/pages"}],"about":[{"href":"https:\/\/lyceedelessouriau.fr\/index.php\/wp-json\/wp\/v2\/types\/page"}],"author":[{"embeddable":true,"href":"https:\/\/lyceedelessouriau.fr\/index.php\/wp-json\/wp\/v2\/users\/1"}],"replies":[{"embeddable":true,"href":"https:\/\/lyceedelessouriau.fr\/index.php\/wp-json\/wp\/v2\/comments?post=156"}],"version-history":[{"count":5,"href":"https:\/\/lyceedelessouriau.fr\/index.php\/wp-json\/wp\/v2\/pages\/156\/revisions"}],"predecessor-version":[{"id":1874,"href":"https:\/\/lyceedelessouriau.fr\/index.php\/wp-json\/wp\/v2\/pages\/156\/revisions\/1874"}],"up":[{"embeddable":true,"href":"https:\/\/lyceedelessouriau.fr\/index.php\/wp-json\/wp\/v2\/pages\/38"}],"wp:attachment":[{"href":"https:\/\/lyceedelessouriau.fr\/index.php\/wp-json\/wp\/v2\/media?parent=156"}],"curies":[{"name":"wp","href":"https:\/\/api.w.org\/{rel}","templated":true}]}}