{"id":148,"date":"2021-04-12T17:57:37","date_gmt":"2021-04-12T15:57:37","guid":{"rendered":"http:\/\/lyceedelessouriau.fr\/?page_id=148"},"modified":"2026-01-19T09:47:43","modified_gmt":"2026-01-19T08:47:43","slug":"parcoursup","status":"publish","type":"page","link":"https:\/\/lyceedelessouriau.fr\/index.php\/orientation\/parcoursup\/","title":{"rendered":"Parcoursup"},"content":{"rendered":"\n<p><strong>Du lundi 19 janvier au jeudi 12 mars 2026<\/strong>, vous devez vous inscrire sur <a href=\"https:\/\/www.parcoursup.gouv.fr\/\">Parcoursup<\/a> pour <a href=\"https:\/\/dossier.parcoursup.fr\/Candidat\/authentification\">cr\u00e9er votre dossier<\/a> et formuler vos v\u0153ux (privil\u00e9giez le navigateur CHROME).<\/p>\n\n\n\n<figure class=\"wp-block-embed is-type-video is-provider-youtube wp-block-embed-youtube wp-embed-aspect-16-9 wp-has-aspect-ratio\"><div class=\"wp-block-embed__wrapper\">\n<iframe loading=\"lazy\" title=\"Parcoursup 2026 : comment cr\u00e9er son dossier candidat\" width=\"525\" height=\"295\" src=\"https:\/\/www.youtube.com\/embed\/D8ASp0O_6bc?feature=oembed\" frameborder=\"0\" allow=\"accelerometer; autoplay; clipboard-write; encrypted-media; gyroscope; picture-in-picture; web-share\" referrerpolicy=\"strict-origin-when-cross-origin\" allowfullscreen><\/iframe>\n<\/div><\/figure>\n\n\n\n<figure class=\"wp-block-embed is-type-video is-provider-youtube wp-block-embed-youtube wp-embed-aspect-16-9 wp-has-aspect-ratio\"><div class=\"wp-block-embed__wrapper\">\n<iframe loading=\"lazy\" title=\"Parcoursup 2026 : compl\u00e9ter son dossier et confirmer ses v\u0153ux\" width=\"525\" height=\"295\" src=\"https:\/\/www.youtube.com\/embed\/EfZV-Ystks0?feature=oembed\" frameborder=\"0\" allow=\"accelerometer; autoplay; clipboard-write; encrypted-media; gyroscope; picture-in-picture; web-share\" referrerpolicy=\"strict-origin-when-cross-origin\" allowfullscreen><\/iframe>\n<\/div><\/figure>\n\n\n\n<p>Vous avez jusqu&#8217;au <strong>mercredi 1 avril<\/strong> pour compl\u00e9ter votre dossier et confirmer vos v\u0153ux.<\/p>\n\n\n\n<figure class=\"wp-block-image size-large\"><img loading=\"lazy\" decoding=\"async\" width=\"736\" height=\"1024\" src=\"https:\/\/lyceedelessouriau.fr\/wp-content\/uploads\/2026\/01\/image-736x1024.png\" alt=\"\" class=\"wp-image-3427\" srcset=\"https:\/\/lyceedelessouriau.fr\/wp-content\/uploads\/2026\/01\/image-736x1024.png 736w, https:\/\/lyceedelessouriau.fr\/wp-content\/uploads\/2026\/01\/image-215x300.png 215w, https:\/\/lyceedelessouriau.fr\/wp-content\/uploads\/2026\/01\/image-768x1069.png 768w, https:\/\/lyceedelessouriau.fr\/wp-content\/uploads\/2026\/01\/image.png 941w\" sizes=\"auto, (max-width: 736px) 100vw, 736px\" \/><\/figure>\n\n\n\n<div data-wp-interactive=\"core\/file\" class=\"wp-block-file\"><object data-wp-bind--hidden=\"!state.hasPdfPreview\" hidden class=\"wp-block-file__embed\" data=\"https:\/\/lyceedelessouriau.fr\/wp-content\/uploads\/2026\/01\/parcoursup-2026-en-3-tapes-1068.pdf\" type=\"application\/pdf\" style=\"width:100%;height:600px\" aria-label=\"Contenu embarqu\u00e9 parcoursup-2026-en-3-tapes-1068.\"><\/object><a id=\"wp-block-file--media-0f3cf49a-fdae-4483-9b99-ae85eaa05902\" href=\"https:\/\/lyceedelessouriau.fr\/wp-content\/uploads\/2026\/01\/parcoursup-2026-en-3-tapes-1068.pdf\">parcoursup-2026-en-3-tapes-1068<\/a><a href=\"https:\/\/lyceedelessouriau.fr\/wp-content\/uploads\/2026\/01\/parcoursup-2026-en-3-tapes-1068.pdf\" class=\"wp-block-file__button wp-element-button\" download aria-describedby=\"wp-block-file--media-0f3cf49a-fdae-4483-9b99-ae85eaa05902\">T\u00e9l\u00e9charger<\/a><\/div>\n\n\n\n<p><\/p>\n\n\n\n<p><\/p>\n","protected":false},"excerpt":{"rendered":"<p>Du lundi 19 janvier au jeudi 12 mars 2026, vous devez vous inscrire sur Parcoursup pour cr\u00e9er votre dossier et formuler vos v\u0153ux (privil\u00e9giez le navigateur CHROME). Vous avez jusqu&#8217;au mercredi 1 avril pour compl\u00e9ter votre dossier et confirmer vos v\u0153ux.<\/p>\n","protected":false},"author":1,"featured_media":0,"parent":38,"menu_order":1,"comment_status":"closed","ping_status":"closed","template":"page-template\/right-sidebar-page.php","meta":{"footnotes":""},"class_list":["post-148","page","type-page","status-publish","hentry"],"_links":{"self":[{"href":"https:\/\/lyceedelessouriau.fr\/index.php\/wp-json\/wp\/v2\/pages\/148","targetHints":{"allow":["GET"]}}],"collection":[{"href":"https:\/\/lyceedelessouriau.fr\/index.php\/wp-json\/wp\/v2\/pages"}],"about":[{"href":"https:\/\/lyceedelessouriau.fr\/index.php\/wp-json\/wp\/v2\/types\/page"}],"author":[{"embeddable":true,"href":"https:\/\/lyceedelessouriau.fr\/index.php\/wp-json\/wp\/v2\/users\/1"}],"replies":[{"embeddable":true,"href":"https:\/\/lyceedelessouriau.fr\/index.php\/wp-json\/wp\/v2\/comments?post=148"}],"version-history":[{"count":15,"href":"https:\/\/lyceedelessouriau.fr\/index.php\/wp-json\/wp\/v2\/pages\/148\/revisions"}],"predecessor-version":[{"id":3431,"href":"https:\/\/lyceedelessouriau.fr\/index.php\/wp-json\/wp\/v2\/pages\/148\/revisions\/3431"}],"up":[{"embeddable":true,"href":"https:\/\/lyceedelessouriau.fr\/index.php\/wp-json\/wp\/v2\/pages\/38"}],"wp:attachment":[{"href":"https:\/\/lyceedelessouriau.fr\/index.php\/wp-json\/wp\/v2\/media?parent=148"}],"curies":[{"name":"wp","href":"https:\/\/api.w.org\/{rel}","templated":true}]}}