{"id":146,"date":"2021-04-12T17:56:49","date_gmt":"2021-04-12T15:56:49","guid":{"rendered":"http:\/\/lyceedelessouriau.fr\/?page_id=146"},"modified":"2025-09-04T11:34:29","modified_gmt":"2025-09-04T09:34:29","slug":"bts-et","status":"publish","type":"page","link":"https:\/\/lyceedelessouriau.fr\/index.php\/enseignement-superieur\/bts-et\/","title":{"rendered":"BTS Electrotechnique"},"content":{"rendered":"\n<p>Brevet de technicien sup\u00e9rieur &#8211; \u00c9lectrotechnique<\/p>\n\n\n\n<figure class=\"wp-block-video\"><video height=\"1080\" style=\"aspect-ratio: 1920 \/ 1080;\" width=\"1920\" controls src=\"http:\/\/lyceedelessouriau.fr\/wp-content\/uploads\/2021\/04\/Brevet-de-technicien-supe\u0301rieur-E\u0301lectrotechnique-1080p.mp4\"><\/video><\/figure>\n\n\n\n<p>Dipl\u00f4me national&nbsp;:&nbsp;<strong>2 ans<\/strong><\/p>\n\n\n\n<p>Le BTS Electrotechnique forme des&nbsp;<strong>sp\u00e9cialistes de l\u2019\u00e9tude, de la mise en \u0153uvre, de l\u2019utilisation et de la maintenance des \u00e9quipements \u00e9lectriques<\/strong>. Ces \u00e9quipements, de plus en plus sophistiqu\u00e9s en raison de l\u2019\u00e9volution des technologies de l\u2019informatique et de l\u2019\u00e9lectronique, peuvent faire intervenir des proc\u00e9d\u00e9s d\u2019hydraulique, de pneumatique, d\u2019optique.<\/p>\n\n\n\n<p><strong>Le M\u00e9tier<\/strong><br>Le technicien sup\u00e9rieur peut exercer son activit\u00e9 dans diff\u00e9rents secteurs tels que les&nbsp;<strong>\u00e9quipements et le contr\u00f4le industriels, la production et la transformation de l\u2019\u00e9nergie, les automatismes et la gestion technique du b\u00e2timent<\/strong>&#8230; C\u2019est en maintenance et en conseil technique que les emplois se d\u00e9veloppent le plus rapidement.<\/p>\n\n\n\n<p><strong>Acc\u00e8s \u00e0 la formation<\/strong><br>Le&nbsp;BTS Electrotechnique est accessible en priorit\u00e9 aux&nbsp;<strong>bacheliers professionnels<\/strong>&nbsp;(ex&nbsp;: bac pro, M\u00e9tiers de l\u2019\u00e9lectricit\u00e9 et des \u00e9l\u00e9ments connect\u00e9s,bac pro maintenance des \u00e9quipements industriels, bac pro pilote de production, bac pro plastiques et composites,&#8230;).<br>Il est \u00e9galement accessible aux titulaires d\u2019un&nbsp;<strong>bac techno&nbsp;STI2D<\/strong>&nbsp;(Sciences et Technologies de l\u2019Industrie et du D\u00e9veloppement Durable) sp\u00e9cialit\u00e9s Innovation technologique et Eco-conception&nbsp;; \u00e9nergies et environnement, ainsi qu\u2019aux bacheliers de la&nbsp;<strong>fili\u00e8re g\u00e9n\u00e9rale<\/strong>&nbsp;(orientation scientifique) qui font preuve de technicit\u00e9.&nbsp;<\/p>\n\n\n\n<p><strong>Poursuite d\u2019\u00e9tude<\/strong><br>Le BTS est un dipl\u00f4me con\u00e7u pour une insertion professionnelle. Cependant, avec un bon dossier ou une mention \u00e0 l\u2019examen, il est possible de poursuive en licence professionnelle (du domaine de l\u2019\u00e9lectronique, de l\u2019\u00e9nergie, des automatismes &#8230;), en licence LMD (en \u00e9lectronique, \u00e9lectricit\u00e9 &#8230;) ou d\u2019int\u00e9grer une \u00e9cole d\u2019ing\u00e9nieur en passant \u00e9ventuellement par une une classe pr\u00e9paratoire technologie industrielle post-bac+2 (ATS).<\/p>\n\n\n\n<p><strong>Horaires d\u2019enseignement<\/strong><br>La formation comprend 31 heures de formation en 1<sup>re<\/sup>&nbsp;ann\u00e9e et 2<sup>e<\/sup>&nbsp;ann\u00e9e.<\/p>\n\n\n\n<figure class=\"wp-block-table is-style-stripes\"><table><tbody><tr><td><\/td><td>Premi\u00e8re ann\u00e9e<\/td><td>Deuxi\u00e8me ann\u00e9e<\/td><\/tr><tr><td><strong>Enseignements g\u00e9n\u00e9raux<\/strong><\/td><td><\/td><td><\/td><\/tr><tr><td>Culture g\u00e9n\u00e9rale et expression<\/td><td>3H<\/td><td>3H<\/td><\/tr><tr><td>Anglais<\/td><td>2H<\/td><td>2H<\/td><\/tr><tr><td>Math\u00e9matiques<\/td><td>3,5H<\/td><td>3,5H<\/td><\/tr><tr><td><strong>Enseignement professionnel (EP) et g\u00e9n\u00e9raux associ\u00e9s<\/strong><\/td><td><\/td><td><\/td><\/tr><tr><td>Physique \u2013 Chimie<\/td><td>8H<\/td><td>8H<\/td><\/tr><tr><td>Sciences et techniques industrielles&nbsp;STI<\/td><td>10H<\/td><td>10H<\/td><\/tr><tr><td>Analyse, diagnostic, maintenance<\/td><td>3H<\/td><td>3H<\/td><\/tr><tr><td>STI en coenseignement avec anglais<\/td><td>1H<\/td><td>1H<\/td><\/tr><tr><td>STI en coenseignement avec math\u00e9matiques<\/td><td>0,5H<\/td><td>0,5H<\/td><\/tr><tr><td>Accompagnement personnalis\u00e9<\/td><td>1H<\/td><td>1H<\/td><\/tr><tr><td><strong>Nombre de semaines de formation en<br>entreprises<\/strong><\/td><td>8<\/td><td>4<\/td><\/tr><\/tbody><\/table><\/figure>\n\n\n\n<p><strong>Epreuves du dipl\u00f4me<\/strong><\/p>\n\n\n\n<figure class=\"wp-block-table is-style-stripes\"><table><tbody><tr><td><\/td><td>COEFF<\/td><td>FORME<\/td><td>DUR\u00c9E<\/td><\/tr><tr><td><strong>\u00c9PREUVES OBLIGATOIRES<\/strong><\/td><td><\/td><td><\/td><td><\/td><\/tr><tr><td>E1&nbsp;: Culture g\u00e9n\u00e9rale et expression<\/td><td>2<\/td><td>Ponctuelle \u00e9crite<\/td><td>4H<\/td><\/tr><tr><td>E2&nbsp;: Anglais<\/td><td>3<\/td><td>CCF<\/td><td>&#8211;<\/td><\/tr><tr><td>E3&nbsp;: Math\u00e9matiques<\/td><td>2<\/td><td>CCF<\/td><td>&#8211;<\/td><\/tr><tr><td>E4&nbsp;: Conception -\u00e9tude pr\u00e9liminaire<\/td><td>2<\/td><td>Ponctuelle \u00e9crite<\/td><td>4H<\/td><\/tr><tr><td>E5&nbsp;: Analyse, diagnostic, maintenance, conduite de projet<\/td><td><\/td><td><\/td><td><\/td><\/tr><tr><td>E51&nbsp;: Analyse, diagnostic, maintenance<\/td><td>3<\/td><td>CCF<\/td><td>&#8211;<\/td><\/tr><tr><td>E52&nbsp;: Conduite de projet\/chantier<\/td><td>3<\/td><td>CCF<\/td><td>&#8211;<\/td><\/tr><tr><td>E6 \u2013 Conception \u00e9tude d\u00e9taill\u00e9e, r\u00e9alisation, mise en service d\u2019un projet<\/td><td><\/td><td><\/td><td><\/td><\/tr><tr><td>E61&nbsp;: Conception &#8211; \u00e9tude d\u00e9taill\u00e9e du projet<\/td><td>3<\/td><td>Ponctuelle pratique<\/td><td>Projet&nbsp;: 60 heures + oral&nbsp;: 40 min<\/td><\/tr><tr><td>E62&nbsp;: R\u00e9alisation, mise en service d\u2019un projet<\/td><td>3<\/td><td>Ponctuelle pratique<\/td><td>Projet&nbsp;: 60 heures + oral&nbsp;: 40 min<\/td><\/tr><tr><td><strong>\u00c9PREUVES FACULTATIVES<\/strong><\/td><td><\/td><td><\/td><td><\/td><\/tr><tr><td>Langue vivante \u00e9trang\u00e8re II<\/td><td>Points au dessus de la moyenne<\/td><td>Orale<\/td><td>20mn<\/td><\/tr><tr><td>CCF&nbsp;: Contr\u00f4le en cours de formation<\/td><td><\/td><td><\/td><td><\/td><\/tr><\/tbody><\/table><\/figure>\n\n\n\n<p><strong><mark style=\"background-color:rgba(0, 0, 0, 0)\" class=\"has-inline-color has-vivid-red-color\">Toutes nos formations sont ouvertes \u00e0 l&#8217;apprentissage, en mixit\u00e9 des publics.<\/mark><\/strong><\/p>\n","protected":false},"excerpt":{"rendered":"<p>Brevet de technicien sup\u00e9rieur &#8211; \u00c9lectrotechnique Dipl\u00f4me national&nbsp;:&nbsp;2 ans Le BTS Electrotechnique forme des&nbsp;sp\u00e9cialistes de l\u2019\u00e9tude, de la mise en \u0153uvre, de l\u2019utilisation et de la maintenance des \u00e9quipements \u00e9lectriques. Ces \u00e9quipements, de plus en plus sophistiqu\u00e9s en raison de l\u2019\u00e9volution des technologies de l\u2019informatique et de l\u2019\u00e9lectronique, peuvent faire intervenir des proc\u00e9d\u00e9s d\u2019hydraulique, de [&hellip;]<\/p>\n","protected":false},"author":1,"featured_media":0,"parent":36,"menu_order":3,"comment_status":"closed","ping_status":"closed","template":"page-template\/right-sidebar-page.php","meta":{"footnotes":""},"class_list":["post-146","page","type-page","status-publish","hentry"],"_links":{"self":[{"href":"https:\/\/lyceedelessouriau.fr\/index.php\/wp-json\/wp\/v2\/pages\/146","targetHints":{"allow":["GET"]}}],"collection":[{"href":"https:\/\/lyceedelessouriau.fr\/index.php\/wp-json\/wp\/v2\/pages"}],"about":[{"href":"https:\/\/lyceedelessouriau.fr\/index.php\/wp-json\/wp\/v2\/types\/page"}],"author":[{"embeddable":true,"href":"https:\/\/lyceedelessouriau.fr\/index.php\/wp-json\/wp\/v2\/users\/1"}],"replies":[{"embeddable":true,"href":"https:\/\/lyceedelessouriau.fr\/index.php\/wp-json\/wp\/v2\/comments?post=146"}],"version-history":[{"count":8,"href":"https:\/\/lyceedelessouriau.fr\/index.php\/wp-json\/wp\/v2\/pages\/146\/revisions"}],"predecessor-version":[{"id":3222,"href":"https:\/\/lyceedelessouriau.fr\/index.php\/wp-json\/wp\/v2\/pages\/146\/revisions\/3222"}],"up":[{"embeddable":true,"href":"https:\/\/lyceedelessouriau.fr\/index.php\/wp-json\/wp\/v2\/pages\/36"}],"wp:attachment":[{"href":"https:\/\/lyceedelessouriau.fr\/index.php\/wp-json\/wp\/v2\/media?parent=146"}],"curies":[{"name":"wp","href":"https:\/\/api.w.org\/{rel}","templated":true}]}}