{"id":144,"date":"2021-04-12T17:56:22","date_gmt":"2021-04-12T15:56:22","guid":{"rendered":"http:\/\/lyceedelessouriau.fr\/?page_id=144"},"modified":"2025-09-04T11:34:07","modified_gmt":"2025-09-04T09:34:07","slug":"bts-ms","status":"publish","type":"page","link":"https:\/\/lyceedelessouriau.fr\/index.php\/enseignement-superieur\/bts-ms\/","title":{"rendered":"BTS Maintenance des syst\u00e8mes"},"content":{"rendered":"\n<p>BTS Maintenance des syst\u00e8mes option A syst\u00e8mes de production<\/p>\n\n\n\n<figure class=\"wp-block-video\"><video controls src=\"blob:http:\/\/lyceedelessouriau.fr\/70bd0a30-e5b1-4ebe-8b0c-baf44816efa6\"><\/video><\/figure>\n\n\n\n<p>Dipl\u00f4me national&nbsp;: 2 ans<\/p>\n\n\n\n<p>Le BTS MS forme des&nbsp;<strong>sp\u00e9cialistes de la maintenance<\/strong>&nbsp;et apporte aux \u00e9l\u00e8ves des comp\u00e9tences technologiques, organisationnelles et relationnelles. Les enseignements pluri-technologiques (\u00e9lectrotechnique, m\u00e9canique, automatique, hydraulique) rendent l\u2019\u00e9l\u00e8ve capable de diagnostiquer les dysfonctionnements de d\u00e9tecter une panne, d\u2019\u00e9tablir le plan de r\u00e9paration et d\u2019assurer la remise en service de l\u2019installation.<\/p>\n\n\n\n<p><strong>Le M\u00e9tier<\/strong><br>Le BTS Maintenance des Syst\u00e8mes option Syst\u00e8mes de production permet de&nbsp;<strong>ma\u00eetriser le fonctionnement des syst\u00e8mes de production<\/strong>&nbsp;pour pouvoir dialoguer avec les op\u00e9rateurs et\/ou les d\u00e9cideurs. Le technicien sup\u00e9rieur MS exerce dans les grandes entreprises de production industrielle&nbsp;; les PME\/PMI de production industrielle&nbsp;; les entreprises sp\u00e9cialis\u00e9es de maintenance du secteur industriel&nbsp;: sites de production a\u00e9ronautique, automobile, navale&nbsp;; sites de l\u2019industrie chimique, p\u00e9trochimique, pharmaceutique, agroalimentaire, sites de production d\u2019\u00e9nergie \u00e9lectrique&nbsp;\u2026\u2026..<br>Dans l\u2019entreprise, les activit\u00e9s exerc\u00e9es par ce technicien sup\u00e9rieur sont&nbsp;:<\/p>\n\n\n\n<ul class=\"wp-block-list\">\n<li>La r\u00e9alisation des interventions de maintenance corrective et pr\u00e9ventive.<\/li>\n\n\n\n<li>L\u2019am\u00e9lioration de la s\u00fbret\u00e9 de fonctionnement.<\/li>\n\n\n\n<li>L\u2019int\u00e9gration de nouveaux syst\u00e8mes.<\/li>\n\n\n\n<li>L\u2019organisation et la planification des activit\u00e9s de maintenance.<\/li>\n\n\n\n<li>Le suivi des interventions et la mise \u00e0 jour de la documentation, fichier .<\/li>\n\n\n\n<li>L\u2019\u00e9valuation des co\u00fbts de maintenance.<\/li>\n\n\n\n<li>La r\u00e9daction de rapports, la communication interne et externe du service maintenance.<\/li>\n\n\n\n<li>L\u2019animation et l\u2019encadrement des \u00e9quipes d\u2019intervention.<\/li>\n<\/ul>\n\n\n\n<p><strong>Acc\u00e8s \u00e0 la formation<\/strong><br>Le&nbsp;BTS MS&nbsp;&#8211;&nbsp;maintenance des syst\u00e8mes&nbsp;est accessible en priorit\u00e9 aux bacheliers&nbsp;<strong>professionnels<\/strong>&nbsp;(ex&nbsp;: bac pro Maintenance des \u00e9quipements industriels, bac pro Pilote de production, bac pro plastiques et composites, bac pro M\u00e9tiers de l\u2019\u00e9lectricit\u00e9 et de ses environnements connect\u00e9s&#8230;).<br>Il est \u00e9galement accessible aux titulaires d\u2019un bac techno&nbsp;<strong>STI2D<\/strong>&nbsp;(sciences et technologies de l\u2019industrie et du d\u00e9veloppement durable) sp\u00e9cialit\u00e9s innovation technologique et \u00e9co-conception&nbsp;; \u00e9nergies et environnement, ainsi qu\u2019aux bacheliers de la&nbsp;<strong>fili\u00e8re g\u00e9n\u00e9rale<\/strong>&nbsp;(orientation scientifique) qui font preuve de technicit\u00e9.&nbsp;<\/p>\n\n\n\n<p><strong>Poursuite d\u2019\u00e9tude<\/strong><br>L\u2019objectif premier du&nbsp;BTS MS &#8211; Maintenance des Syst\u00e8mes&nbsp;vise l\u2019insertion professionnelle. Mais ceux qui souhaitent poursuivre une formation post-BTS peuvent se diriger vers une licence professionnelle (bac+3) du secteur de la maintenance, de la productique, des proc\u00e9d\u00e9s, des sciences pour l\u2019ing\u00e9nieur, des \u00e9nergies renouvelables. Les classes pr\u00e9paratoires ATS (adaptation technicien sup\u00e9rieur)) sont ouvertes et l\u2019entr\u00e9e dans une \u00e9cole d\u2019ing\u00e9nieurs par la voie de l\u2019alternance reste possible.<\/p>\n\n\n\n<p><strong>Horaires d\u2019enseignement<\/strong><br>La formation comprend 31 heures de formation en 1<sup>re<\/sup>&nbsp;ann\u00e9e et 2<sup>e<\/sup>&nbsp;ann\u00e9e.<\/p>\n\n\n\n<figure class=\"wp-block-table is-style-stripes\"><table><tbody><tr><td><\/td><td>Premi\u00e8re ann\u00e9e<\/td><td>Deuxi\u00e8me ann\u00e9e<\/td><\/tr><tr><td><strong>Enseignements g\u00e9n\u00e9raux<\/strong><\/td><td><\/td><td><\/td><\/tr><tr><td>Culture g\u00e9n\u00e9rale et expression<\/td><td>2H<\/td><td>2H<\/td><\/tr><tr><td>Anglais<\/td><td>2H<\/td><td>3H<\/td><\/tr><tr><td>Math\u00e9matiques<\/td><td>3H<\/td><td>3H<\/td><\/tr><tr><td>Physique \u2013 Chimie<\/td><td>4H<\/td><td>4H<\/td><\/tr><tr><td><strong>Enseignements professionnels<\/strong><\/td><td><\/td><td><\/td><\/tr><tr><td>Etudes pluri-technologiques des syst\u00e8mes<\/td><td>10H<\/td><td>10H<\/td><\/tr><tr><td>Organisation de la maintenance<\/td><td>3H<\/td><td>2H<\/td><\/tr><tr><td>Techniques de maintenance, conduite, pr\u00e9vention<\/td><td>6H<\/td><td>7H<\/td><\/tr><tr><td>Accompagnement personnalis\u00e9<\/td><td>1<\/td><td>1<\/td><\/tr><tr><td>Nombre de semaines de formation en entreprises<\/td><td>4<\/td><td>6<\/td><\/tr><\/tbody><\/table><\/figure>\n\n\n\n<p><strong>Epreuves du dipl\u00f4me<\/strong><\/p>\n\n\n\n<figure class=\"wp-block-table is-style-stripes\"><table><tbody><tr><td><\/td><td>COEFF<\/td><td>FORME<\/td><td>DUR\u00c9E<\/td><\/tr><tr><td><strong>\u00c9PREUVES OBLIGATOIRES<\/strong><\/td><td><\/td><td><\/td><td><\/td><\/tr><tr><td>Culture g\u00e9n\u00e9rale et expression<\/td><td>3<\/td><td>Ecrit<\/td><td>4H<\/td><\/tr><tr><td>Anglais<\/td><td>2<\/td><td><em>CCF<\/em><\/td><td>&#8211;<\/td><\/tr><tr><td>Math\u00e9matiques<\/td><td>2<\/td><td><em>CCF<\/em><\/td><td>&#8211;<\/td><\/tr><tr><td>Physique &#8211; Chimie<\/td><td>2<\/td><td><em>CCF<\/em><\/td><td>&#8211;<\/td><\/tr><tr><td>Analyse technique en vue de l\u2019int\u00e9gration d\u2019un bien<\/td><td>6<\/td><td>Ecrit<\/td><td>4H<\/td><\/tr><tr><td>Maintenance corrective d\u2019un bien<\/td><td>3<\/td><td><em>CCF<\/em><\/td><td>&#8211;<\/td><\/tr><tr><td>Organisation de la maintenance<\/td><td>3<\/td><td><em>CCF<\/em><\/td><td>&#8211;<\/td><\/tr><tr><td>R\u00e9alisation d\u2019activit\u00e9s de maintenance pr\u00e9ventive en milieu professionnel<\/td><td>2<\/td><td>Orale<\/td><td>20mn<\/td><\/tr><tr><td>\u00c9tude et r\u00e9alisation d\u2019une am\u00e9lioration de maintenance en milieu professionnel<\/td><td>4<\/td><td>Orale<\/td><td>30mn<\/td><\/tr><tr><td><strong>\u00c9PREUVES FACULTATIVES<\/strong><\/td><td><\/td><td><\/td><td><\/td><\/tr><tr><td>Langue vivante \u00e9trang\u00e8re II<\/td><td>Points au dessus de la moyenne<\/td><td>Orale<\/td><td>20mn<\/td><\/tr><tr><td><em>CCF&nbsp;: Contr\u00f4le en cours de formation<\/em><\/td><td><\/td><td><\/td><td><\/td><\/tr><\/tbody><\/table><\/figure>\n\n\n\n<p><strong><mark style=\"background-color:rgba(0, 0, 0, 0)\" class=\"has-inline-color has-vivid-red-color\">Toutes nos formations sont ouvertes \u00e0 l&#8217;apprentissage, en mixit\u00e9 des publics.<\/mark><\/strong><\/p>\n","protected":false},"excerpt":{"rendered":"<p>BTS Maintenance des syst\u00e8mes option A syst\u00e8mes de production Dipl\u00f4me national&nbsp;: 2 ans Le BTS MS forme des&nbsp;sp\u00e9cialistes de la maintenance&nbsp;et apporte aux \u00e9l\u00e8ves des comp\u00e9tences technologiques, organisationnelles et relationnelles. Les enseignements pluri-technologiques (\u00e9lectrotechnique, m\u00e9canique, automatique, hydraulique) rendent l\u2019\u00e9l\u00e8ve capable de diagnostiquer les dysfonctionnements de d\u00e9tecter une panne, d\u2019\u00e9tablir le plan de r\u00e9paration et d\u2019assurer [&hellip;]<\/p>\n","protected":false},"author":1,"featured_media":0,"parent":36,"menu_order":2,"comment_status":"closed","ping_status":"closed","template":"page-template\/right-sidebar-page.php","meta":{"footnotes":""},"class_list":["post-144","page","type-page","status-publish","hentry"],"_links":{"self":[{"href":"https:\/\/lyceedelessouriau.fr\/index.php\/wp-json\/wp\/v2\/pages\/144","targetHints":{"allow":["GET"]}}],"collection":[{"href":"https:\/\/lyceedelessouriau.fr\/index.php\/wp-json\/wp\/v2\/pages"}],"about":[{"href":"https:\/\/lyceedelessouriau.fr\/index.php\/wp-json\/wp\/v2\/types\/page"}],"author":[{"embeddable":true,"href":"https:\/\/lyceedelessouriau.fr\/index.php\/wp-json\/wp\/v2\/users\/1"}],"replies":[{"embeddable":true,"href":"https:\/\/lyceedelessouriau.fr\/index.php\/wp-json\/wp\/v2\/comments?post=144"}],"version-history":[{"count":10,"href":"https:\/\/lyceedelessouriau.fr\/index.php\/wp-json\/wp\/v2\/pages\/144\/revisions"}],"predecessor-version":[{"id":3221,"href":"https:\/\/lyceedelessouriau.fr\/index.php\/wp-json\/wp\/v2\/pages\/144\/revisions\/3221"}],"up":[{"embeddable":true,"href":"https:\/\/lyceedelessouriau.fr\/index.php\/wp-json\/wp\/v2\/pages\/36"}],"wp:attachment":[{"href":"https:\/\/lyceedelessouriau.fr\/index.php\/wp-json\/wp\/v2\/media?parent=144"}],"curies":[{"name":"wp","href":"https:\/\/api.w.org\/{rel}","templated":true}]}}