{"id":135,"date":"2021-04-12T17:48:58","date_gmt":"2021-04-12T15:48:58","guid":{"rendered":"http:\/\/lyceedelessouriau.fr\/?page_id=135"},"modified":"2025-09-19T10:53:26","modified_gmt":"2025-09-19T08:53:26","slug":"cap-cip","status":"publish","type":"page","link":"https:\/\/lyceedelessouriau.fr\/index.php\/lycee-professionnel\/cap-cip\/","title":{"rendered":"CAP CIP"},"content":{"rendered":"\n<p>Le CAP Conducteur d&#8217;Installations de Production (CIP)<\/p>\n\n\n\n<figure class=\"wp-block-video\"><video height=\"1080\" style=\"aspect-ratio: 1920 \/ 1080;\" width=\"1920\" controls src=\"http:\/\/lyceedelessouriau.fr\/wp-content\/uploads\/2021\/04\/Le-CAP-Conducteur-dInstallations-de-Production-CIP-1080p.mp4\"><\/video><\/figure>\n\n\n\n<p>Dipl\u00f4me national EN 2 ANS.<\/p>\n\n\n\n<p>Cette formation est propos\u00e9e aux filles et aux gar\u00e7ons int\u00e9ress\u00e9s par une rapide int\u00e9gration dans la vie&nbsp;professionnelle (apr\u00e8s une 3<sup>e<\/sup>&nbsp;g\u00e9n\u00e9rale, 3<sup>e<\/sup>&nbsp;segpa,\u2026.) qui se caract\u00e9rise par&nbsp;<strong>12 semaines de stage&nbsp;en entreprises<\/strong>&nbsp;r\u00e9parties tout au long des 2 ann\u00e9es de formation. L\u2019apprentissage des bases du m\u00e9tier dans&nbsp;l\u2019\u00e9tablissement scolaire sur diff\u00e9rentes machines sera un plus pour la vie professionnelle future. La technologie,&nbsp;la maintenance, les automatismes, l\u2019\u00e9lectricit\u00e9 industrielle, la conduite des machines simples, l\u2019utilisation des&nbsp;diff\u00e9rentes \u00e9nergies seront \u00e9tudi\u00e9es.<\/p>\n\n\n\n<p><strong>Le M\u00e9tier<\/strong><\/p>\n\n\n\n<p>Le titulaire de ce CAP assure la&nbsp;<strong>conduite en production d\u2019un syst\u00e8me industriel<\/strong>. Selon l\u2019atelier industriel, il intervient au niveau de la&nbsp;<strong>prise de poste<\/strong>&nbsp;avec la passation des consignes. Il&nbsp;<strong>pr\u00e9pare la production<\/strong>&nbsp;\u00e0 son poste de travail. Il&nbsp;<strong>r\u00e8gle l\u2019installation de production<\/strong>&nbsp;sur laquelle il intervient. Il&nbsp;<strong>lance la production<\/strong>&nbsp;apr\u00e8s contr\u00f4le du pilote. Il&nbsp;<strong>conduit l\u2019installation<\/strong>&nbsp;(r\u00e9approvisionnements compris). Il&nbsp;<strong>contr\u00f4le la qualit\u00e9<\/strong>&nbsp;des produits au poste. Il exerce son m\u00e9tier dans tous les secteurs industriels dont les processus sont partiellement ou totalement automatis\u00e9s&nbsp;: industries de transformation, d\u2019\u00e9laboration et de conditionnement dans les secteurs de l\u2019agroalimentaire, la pharmacie, la cosm\u00e9tologie, la transformation des p\u00e2tes \u00e0 papiers et cartons, l\u2019\u00e9lectronique, la production et la transformation des m\u00e9taux, la sid\u00e9rurgie, l\u2019automobile, l\u2019industrie textile, la transformation des d\u00e9chets et autres.<\/p>\n\n\n\n<p><strong>Acc\u00e8s \u00e0 la formation<\/strong><\/p>\n\n\n\n<p>Ce CAP se pr\u00e9pare en&nbsp;<strong>deux ann\u00e9es<\/strong>&nbsp;apr\u00e8s la classe de troisi\u00e8me des coll\u00e8ges.<\/p>\n\n\n\n<p><strong>Poursuite d\u2019\u00e9tude<\/strong><\/p>\n\n\n\n<p>Le CAP d\u00e9bouche sur la vie active mais il est possible, sous certaines conditions, de poursuivre des \u00e9tudes en 1 an avec une mention compl\u00e9mentaire (MC) ou en 2 ans en bac professionnel ou en brevet professionnel (BP).<\/p>\n\n\n\n<p><strong>Horaires d\u2019enseignement<\/strong><\/p>\n\n\n\n<figure class=\"wp-block-table\"><table><tbody><tr><td>&nbsp;<\/td><td>Seconde<\/td><td>Terminale<\/td><\/tr><tr><td><strong>Fran\u00e7ais, Histoire \u2013 G\u00e9ographie -E.M.C + co-intervention avec l\u2019enseignement professionnel<\/strong><\/td><td>2H+1,5H<\/td><td>2H+1,5H<\/td><\/tr><tr><td><strong>Langues Vivantes (Anglais)<\/strong><\/td><td>1,5H<\/td><td>1,5H<\/td><\/tr><tr><td><strong>Math\u00e9matiques Physique \u2013 Chimie + co-intervention avec<br>l\u2019enseignement professionnel<\/strong><\/td><td>1.5+1,5H<\/td><td>1.5+1,5H<\/td><\/tr><tr><td><strong>Arts Appliqu\u00e9s<\/strong><\/td><td>1H<\/td><td>1H<\/td><\/tr><tr><td><strong>EPS<\/strong><\/td><td>2,5H<\/td><td>2,5H<\/td><\/tr><tr><td><strong>Enseignement professionnel + co-intervention<\/strong><\/td><td>11,5H+1,5H<\/td><td>12H+1,5H<\/td><\/tr><tr><td><strong>R\u00e9alisation d\u2019un chef d\u2019\u0153uvre<\/strong><\/td><td>3H<\/td><td>3H<\/td><\/tr><tr><td><strong>Pr\u00e9vention-Sant\u00e9-Environnement<\/strong><\/td><td>1H<\/td><td>1H<\/td><\/tr><tr><td><strong>Accompagnement personnalis\u00e9<\/strong><\/td><td>3,5H<\/td><td>3,5H<\/td><\/tr><tr><td><strong>Nombre de semaines de formation en<br>entreprises<\/strong><\/td><td>6<\/td><td>6<\/td><\/tr><\/tbody><\/table><\/figure>\n\n\n\n<p><strong>Epreuves du CAP<\/strong><\/p>\n\n\n\n<figure class=\"wp-block-table is-style-stripes\"><table><tbody><tr><td><strong>UNIT\u00c9S<\/strong>&nbsp;<strong>PROFESSIONNELLES<\/strong><\/td><td><\/td><td><\/td><\/tr><tr><td>EP1&nbsp;: Conduite en mode normal<\/td><td>8+1PSE<\/td><td>CCF<\/td><\/tr><tr><td>EP2&nbsp;: Intervention durant la production<\/td><td>4<\/td><td>CCF<\/td><\/tr><tr><td><strong>UNIT\u00c9S D\u2019ENSEIGNEMENT G\u00c9N\u00c9RAL<\/strong><\/td><td><\/td><td><\/td><\/tr><tr><td>EG1 \u2212Fran\u00e7ais et Histoire G\u00e9ographie et Education civique<\/td><td>3<\/td><td>CCF<\/td><\/tr><tr><td>EG2 \u2212Math\u00e9matiques Sciences physiques et chimiques<\/td><td>2<\/td><td>CCF<\/td><\/tr><tr><td>EG3 \u2212\u00c9ducation physique et sportive<\/td><td>1<\/td><td>CCF<\/td><\/tr><tr><td>\u00c9preuve facultative&nbsp;: Langue vivante<\/td><td><\/td><td>ponctuelle orale 20 min<\/td><\/tr><\/tbody><\/table><\/figure>\n\n\n\n<p>CCF : Contr\u00f4le en cours de formation<\/p>\n\n\n\n<figure class=\"wp-block-image size-full is-resized\"><img loading=\"lazy\" decoding=\"async\" width=\"600\" height=\"240\" src=\"https:\/\/lyceedelessouriau.fr\/wp-content\/uploads\/2025\/09\/logo-GIP-apprentissage-2021-ISOLE-002-1-5.jpg\" alt=\"\" class=\"wp-image-3252\" style=\"width:352px;height:auto\" srcset=\"https:\/\/lyceedelessouriau.fr\/wp-content\/uploads\/2025\/09\/logo-GIP-apprentissage-2021-ISOLE-002-1-5.jpg 600w, https:\/\/lyceedelessouriau.fr\/wp-content\/uploads\/2025\/09\/logo-GIP-apprentissage-2021-ISOLE-002-1-5-300x120.jpg 300w\" sizes=\"auto, (max-width: 600px) 100vw, 600px\" \/><\/figure>\n\n\n\n<p><strong><mark style=\"background-color:rgba(0, 0, 0, 0)\" class=\"has-inline-color has-vivid-red-color\">Toutes nos formations sont ouvertes \u00e0 l&#8217;apprentissage, en mixit\u00e9 des publics.<\/mark><\/strong><\/p>\n\n\n\n<p><\/p>\n","protected":false},"excerpt":{"rendered":"<p>Le CAP Conducteur d&#8217;Installations de Production (CIP) Dipl\u00f4me national EN 2 ANS. Cette formation est propos\u00e9e aux filles et aux gar\u00e7ons int\u00e9ress\u00e9s par une rapide int\u00e9gration dans la vie&nbsp;professionnelle (apr\u00e8s une 3e&nbsp;g\u00e9n\u00e9rale, 3e&nbsp;segpa,\u2026.) qui se caract\u00e9rise par&nbsp;12 semaines de stage&nbsp;en entreprises&nbsp;r\u00e9parties tout au long des 2 ann\u00e9es de formation. L\u2019apprentissage des bases du m\u00e9tier dans&nbsp;l\u2019\u00e9tablissement [&hellip;]<\/p>\n","protected":false},"author":1,"featured_media":0,"parent":34,"menu_order":5,"comment_status":"closed","ping_status":"closed","template":"page-template\/right-sidebar-page.php","meta":{"footnotes":""},"class_list":["post-135","page","type-page","status-publish","hentry"],"_links":{"self":[{"href":"https:\/\/lyceedelessouriau.fr\/index.php\/wp-json\/wp\/v2\/pages\/135","targetHints":{"allow":["GET"]}}],"collection":[{"href":"https:\/\/lyceedelessouriau.fr\/index.php\/wp-json\/wp\/v2\/pages"}],"about":[{"href":"https:\/\/lyceedelessouriau.fr\/index.php\/wp-json\/wp\/v2\/types\/page"}],"author":[{"embeddable":true,"href":"https:\/\/lyceedelessouriau.fr\/index.php\/wp-json\/wp\/v2\/users\/1"}],"replies":[{"embeddable":true,"href":"https:\/\/lyceedelessouriau.fr\/index.php\/wp-json\/wp\/v2\/comments?post=135"}],"version-history":[{"count":7,"href":"https:\/\/lyceedelessouriau.fr\/index.php\/wp-json\/wp\/v2\/pages\/135\/revisions"}],"predecessor-version":[{"id":3253,"href":"https:\/\/lyceedelessouriau.fr\/index.php\/wp-json\/wp\/v2\/pages\/135\/revisions\/3253"}],"up":[{"embeddable":true,"href":"https:\/\/lyceedelessouriau.fr\/index.php\/wp-json\/wp\/v2\/pages\/34"}],"wp:attachment":[{"href":"https:\/\/lyceedelessouriau.fr\/index.php\/wp-json\/wp\/v2\/media?parent=135"}],"curies":[{"name":"wp","href":"https:\/\/api.w.org\/{rel}","templated":true}]}}