{"id":133,"date":"2021-04-12T17:48:10","date_gmt":"2021-04-12T15:48:10","guid":{"rendered":"http:\/\/lyceedelessouriau.fr\/?page_id=133"},"modified":"2025-09-19T10:54:42","modified_gmt":"2025-09-19T08:54:42","slug":"cap-psr","status":"publish","type":"page","link":"https:\/\/lyceedelessouriau.fr\/index.php\/lycee-professionnel\/cap-psr\/","title":{"rendered":"CAP PSR"},"content":{"rendered":"\n<p>(<strong>Production et Service en Restaurations<\/strong>)<\/p>\n\n\n\n<p><strong>Objectifs de la formation<\/strong><\/p>\n\n\n\n<p>Le CAP (Certificat d\u2019Aptitude Professionnelle) est un dipl\u00f4me professionnel national d\u00e9livr\u00e9 par le Minist\u00e8re de l\u2019Education nationale. Il se pr\u00e9pare&nbsp;<strong>en 2 ans apr\u00e8s la 3<sup>e<\/sup><\/strong>, \u00e0 temps plein ou en apprentissage. En fonction du profil et des besoins de l\u2019\u00e9l\u00e8ve, le dipl\u00f4me peut aussi se pr\u00e9parer en 1, 2 ou 3 ans. Dipl\u00f4me d\u2019insertion professionnel, le CAP forme aux&nbsp;<strong>techniques et aux savoir-faire professionnels des m\u00e9tiers<\/strong>. Le programme comprend des enseignements g\u00e9n\u00e9raux (fran\u00e7ais, maths &#8230;), des enseignements professionnels et des stages. Une centaine de sp\u00e9cialit\u00e9s sont propos\u00e9es dans les secteurs de l\u2019agriculture, de l\u2019industrie, des services ou de l\u2019artisanat. Apr\u00e8s un CAP, il est possible de poursuivre des \u00e9tudes en bac pro.<\/p>\n\n\n\n<p><strong>Description de la formation<\/strong><\/p>\n\n\n\n<p>Le ou la titulaire du CAP Production et Service en Restaurations (rapide, collective, caf\u00e9t\u00e9ria) prend en charge, sous l\u2019autorit\u00e9 d\u2019un responsable, la&nbsp;<strong>pr\u00e9paration des repas<\/strong>&nbsp;dans les \u00e9tablissements de restauration rapide ou de vente \u00e0 emporter, la&nbsp;<strong>restauration collective<\/strong>&nbsp;et les&nbsp;<strong>entreprises de fabrication de plateau-repas<\/strong>.<br>En production, il r\u00e9ceptionne et entrepose les produits ou les plats pr\u00e9par\u00e9s. Il assemble et met en valeur des mets simples, en respectant la r\u00e9glementation relative \u00e0 l\u2019hygi\u00e8ne et \u00e0 la s\u00e9curit\u00e9. Il les conditionne et remet \u00e0 temp\u00e9rature les plats cuisin\u00e9s.<br>En service, il assure la mise en valeur des espaces de distribution et de vente ainsi que leur r\u00e9approvisionnement. Il conseille le client et lui pr\u00e9sente les produits, il proc\u00e8de \u00e9ventuellement \u00e0 l\u2019encaissement des prestations.<\/p>\n\n\n\n<p>Pour l\u2019entretien, il nettoie et range les ustensiles de production et les locaux.<br>Ce professionnel doit supporter un rythme de travail rapide et la station debout, tout en restant disponible pour la client\u00e8le.<br>Les&nbsp;<strong>p\u00e9riodes de formation<\/strong>&nbsp;en milieu professionnelles sont de&nbsp;<strong>12 \u00e0 14 semaines<\/strong>.<\/p>\n\n\n\n<p><strong>Les poursuites d\u2019\u00e9tudes<\/strong><\/p>\n\n\n\n<p>Ce CAP d\u00e9bouche sur la vie active mais il est possible, sous certaines conditions, de poursuivre des \u00e9tudes en 1 an en MC (mention compl\u00e9mentaire)&nbsp;ou, avec un tr\u00e8s bon dossier, en 2 ans, en bac professionnel.<br>Exemple(s) de formation(s) possible(s)<br>MC Cuisinier en desserts de restaurant<br>MC Employ\u00e9 barman<br>MC Sommellerie<br>Bac pro Commercialisation et services en restauration<\/p>\n\n\n\n<p><strong>Epreuves<\/strong><\/p>\n\n\n\n<figure class=\"wp-block-table is-style-stripes\"><table class=\"has-background\" style=\"background-color:#f3f4f5\"><tbody><tr><td>Unit\u00e9s<\/td><td>Epreuves<\/td><td>Unit\u00e9s<\/td><td>Coefficients<\/td><td>Mode<\/td><\/tr><tr><td><strong>Unit\u00e9s d\u2019enseignement professionnel<\/strong><\/td><td><\/td><td><\/td><td><\/td><td><\/td><\/tr><tr><td>EP1<\/td><td>Production alimentaire<\/td><td>UP1<\/td><td>6<\/td><td>CCF<\/td><\/tr><tr><td>EP2<\/td><td>Service restauration<\/td><td>UP2<\/td><td>6<\/td><td>CCF<\/td><\/tr><tr><td><strong>Unit\u00e9s d\u2019enseignement g\u00e9n\u00e9ral<\/strong><\/td><td><\/td><td><\/td><td><\/td><td><\/td><\/tr><tr><td>EG1<\/td><td>Pr\u00e9vention sant\u00e9 environnement<\/td><td>UG1<\/td><td>1<\/td><td>CCF<\/td><\/tr><tr><td>EG2<\/td><td>Fran\u00e7ais, histoire \u2013 g\u00e9ographie, \u00e9ducation civique et morale<\/td><td>UG2<\/td><td>3<\/td><td>CCF<\/td><\/tr><tr><td>EG3<\/td><td>Math\u00e9matiques, physique et chimie<\/td><td>UG3<\/td><td>2<\/td><td>CCF<\/td><\/tr><tr><td>EG4<\/td><td>Education physique et sportive<\/td><td>UG4<\/td><td>1<\/td><td>CCF<\/td><\/tr><tr><td>EG5<\/td><td>Langue vivante<\/td><td>UG5<\/td><td>1<\/td><td>CCF<\/td><\/tr><tr><td>Epreuves facultatives<\/td><td>Arts appliqu\u00e9s et cultures artistiques<\/td><td>UF<\/td><td>1<\/td><td>Ponctuel &#8211; Ecrit<\/td><\/tr><\/tbody><\/table><figcaption class=\"wp-element-caption\">CCF : Contr\u00f4le en cours de formation<\/figcaption><\/figure>\n\n\n\n<p><strong>Horaires d\u2019enseignement<\/strong><\/p>\n\n\n\n<figure class=\"wp-block-table\"><table><tbody><tr><td>&nbsp;<\/td><td>Seconde<\/td><td>Terminale<\/td><\/tr><tr><td><strong>Fran\u00e7ais, Histoire \u2013 G\u00e9ographie -E.M.C + co-intervention avec l\u2019enseignement professionnel<\/strong><\/td><td>2H+1,5H<\/td><td>2H+1,5H<\/td><\/tr><tr><td><strong>Langues Vivantes (Anglais)<\/strong><\/td><td>1,5H<\/td><td>1,5H<\/td><\/tr><tr><td><strong>Math\u00e9matiques Physique \u2013 Chimie + co-intervention avec<br>l\u2019enseignement professionnel<\/strong><\/td><td>1.5+1,5H<\/td><td>1.5+1,5H<\/td><\/tr><tr><td><strong>Arts Appliqu\u00e9s<\/strong><\/td><td>1H<\/td><td>1H<\/td><\/tr><tr><td><strong>EPS<\/strong><\/td><td>2,5H<\/td><td>2,5H<\/td><\/tr><tr><td><strong>Enseignement professionnel + co-intervention<\/strong><\/td><td>11,5H+1,5H<\/td><td>12H+1,5H<\/td><\/tr><tr><td><strong>R\u00e9alisation d\u2019un chef d\u2019\u0153uvre<\/strong><\/td><td>3H<\/td><td>3H<\/td><\/tr><tr><td><strong>Pr\u00e9vention-Sant\u00e9-Environnement<\/strong><\/td><td>1H<\/td><td>1H<\/td><\/tr><tr><td><strong>Accompagnement personnalis\u00e9<\/strong><\/td><td>3,5H<\/td><td>3,5H<\/td><\/tr><tr><td><strong>Nombre de semaines de formation en<br>entreprises<\/strong><\/td><td>7<\/td><td>7<\/td><\/tr><\/tbody><\/table><\/figure>\n\n\n\n<figure class=\"wp-block-image size-full is-resized\"><img loading=\"lazy\" decoding=\"async\" width=\"600\" height=\"240\" src=\"https:\/\/lyceedelessouriau.fr\/wp-content\/uploads\/2025\/09\/logo-GIP-apprentissage-2021-ISOLE-002-1-7.jpg\" alt=\"\" class=\"wp-image-3256\" style=\"width:318px;height:auto\" srcset=\"https:\/\/lyceedelessouriau.fr\/wp-content\/uploads\/2025\/09\/logo-GIP-apprentissage-2021-ISOLE-002-1-7.jpg 600w, https:\/\/lyceedelessouriau.fr\/wp-content\/uploads\/2025\/09\/logo-GIP-apprentissage-2021-ISOLE-002-1-7-300x120.jpg 300w\" sizes=\"auto, (max-width: 600px) 100vw, 600px\" \/><\/figure>\n\n\n\n<p><strong><mark style=\"background-color:rgba(0, 0, 0, 0)\" class=\"has-inline-color has-vivid-red-color\">Toutes nos formations sont ouvertes \u00e0 l&#8217;apprentissage, en mixit\u00e9 des publics.<\/mark><\/strong><\/p>\n\n\n\n<p><\/p>\n","protected":false},"excerpt":{"rendered":"<p>(Production et Service en Restaurations) Objectifs de la formation Le CAP (Certificat d\u2019Aptitude Professionnelle) est un dipl\u00f4me professionnel national d\u00e9livr\u00e9 par le Minist\u00e8re de l\u2019Education nationale. Il se pr\u00e9pare&nbsp;en 2 ans apr\u00e8s la 3e, \u00e0 temps plein ou en apprentissage. En fonction du profil et des besoins de l\u2019\u00e9l\u00e8ve, le dipl\u00f4me peut aussi se pr\u00e9parer [&hellip;]<\/p>\n","protected":false},"author":1,"featured_media":0,"parent":34,"menu_order":4,"comment_status":"closed","ping_status":"closed","template":"page-template\/right-sidebar-page.php","meta":{"footnotes":""},"class_list":["post-133","page","type-page","status-publish","hentry"],"_links":{"self":[{"href":"https:\/\/lyceedelessouriau.fr\/index.php\/wp-json\/wp\/v2\/pages\/133","targetHints":{"allow":["GET"]}}],"collection":[{"href":"https:\/\/lyceedelessouriau.fr\/index.php\/wp-json\/wp\/v2\/pages"}],"about":[{"href":"https:\/\/lyceedelessouriau.fr\/index.php\/wp-json\/wp\/v2\/types\/page"}],"author":[{"embeddable":true,"href":"https:\/\/lyceedelessouriau.fr\/index.php\/wp-json\/wp\/v2\/users\/1"}],"replies":[{"embeddable":true,"href":"https:\/\/lyceedelessouriau.fr\/index.php\/wp-json\/wp\/v2\/comments?post=133"}],"version-history":[{"count":16,"href":"https:\/\/lyceedelessouriau.fr\/index.php\/wp-json\/wp\/v2\/pages\/133\/revisions"}],"predecessor-version":[{"id":3257,"href":"https:\/\/lyceedelessouriau.fr\/index.php\/wp-json\/wp\/v2\/pages\/133\/revisions\/3257"}],"up":[{"embeddable":true,"href":"https:\/\/lyceedelessouriau.fr\/index.php\/wp-json\/wp\/v2\/pages\/34"}],"wp:attachment":[{"href":"https:\/\/lyceedelessouriau.fr\/index.php\/wp-json\/wp\/v2\/media?parent=133"}],"curies":[{"name":"wp","href":"https:\/\/api.w.org\/{rel}","templated":true}]}}