{"id":127,"date":"2021-04-12T17:46:10","date_gmt":"2021-04-12T15:46:10","guid":{"rendered":"http:\/\/lyceedelessouriau.fr\/?page_id=127"},"modified":"2025-09-19T10:45:14","modified_gmt":"2025-09-19T08:45:14","slug":"le-baccalaureat-professionnel-melc","status":"publish","type":"page","link":"https:\/\/lyceedelessouriau.fr\/index.php\/lycee-professionnel\/le-baccalaureat-professionnel-melc\/","title":{"rendered":"Le Baccalaur\u00e9at Professionnel MELEC"},"content":{"rendered":"\n<p>Baccalaur\u00e9at Professionnel M\u00e9tiers de l\u2019\u00c9Lectricit\u00e9 et de ses Environnements Connect\u00e9s &#8211; MELEC <\/p>\n\n\n\n<figure class=\"wp-block-video\"><video height=\"1080\" style=\"aspect-ratio: 1920 \/ 1080;\" width=\"1920\" controls src=\"http:\/\/lyceedelessouriau.fr\/wp-content\/uploads\/2021\/04\/Baccalaure\u0301at-Professionnel-Me\u0301tiers-de-lE\u0301Lectricite\u0301-et-de-ses-Environnements-Connecte\u0301s-MELEC-1080p.mp4\"><\/video><\/figure>\n\n\n\n<p><strong>BACCALAUREAT PROFESSIONNEL EN 3 ANS<\/strong><\/p>\n\n\n\n<p>Le titulaire du baccalaur\u00e9at professionnel M\u00e9tiers de l\u2019\u00c9lectricit\u00e9 et de ses Environnements Connect\u00e9s intervient dans tous les&nbsp;<strong>secteurs d\u2019activit\u00e9s du b\u00e2timent&nbsp;<\/strong>(r\u00e9sidentiel, tertiaire, industriel), de l<strong>\u2019industrie<\/strong>, de l\u2019<strong>agriculture<\/strong>, des&nbsp;<strong>services et des infrastructures<\/strong>. Ce baccalaur\u00e9at professionnel aborde toutes les comp\u00e9tences professionnelles li\u00e9es au m\u00e9tier d\u2019<strong>\u00e9lectrotechnicien<\/strong>&nbsp;depuis le point de&nbsp;<strong>production de l\u2019\u00e9nergie<\/strong>&nbsp;jusqu\u2019aux&nbsp;<strong>utilisations<\/strong>.<\/p>\n\n\n\n<p><strong>Le M\u00e9tier<\/strong><\/p>\n\n\n\n<p>Consid\u00e9rant les enjeux de la transition \u00e9nerg\u00e9tique et l\u2019\u00e9volution des techniques et des technologies num\u00e9riques, le titulaire du baccalaur\u00e9at MELEC met en \u0153uvre et intervient sur les&nbsp;<strong>installations \u00e9lectriques<\/strong>&nbsp;et sur les&nbsp;<strong>r\u00e9seaux de communication<\/strong>&nbsp;des domaines de la production, du transport, de la distribution, de la transformation et de la ma\u00eetrise de l\u2019\u00e9nergie \u00e9lectrique. Les activit\u00e9s professionnelles peuvent s\u2019exercer dans les secteurs&nbsp;:<\/p>\n\n\n\n<ul class=\"wp-block-list\">\n<li>Des r\u00e9seaux,<\/li>\n\n\n\n<li>Des infrastructures,<\/li>\n\n\n\n<li>Des b\u00e2timents, des quartiers, des zones d\u2019activit\u00e9s,<\/li>\n\n\n\n<li>Des industries,<\/li>\n\n\n\n<li>Des syst\u00e8mes \u00e9nerg\u00e9tiques autonomes ou embarqu\u00e9s.<\/li>\n<\/ul>\n\n\n\n<p>Parmi les baccalaur\u00e9ats professionnels du secteur industriel, le Bac Pro M\u00e9tiers de l\u2019Electricit\u00e9 et de ses Environnements Connect\u00e9s est la&nbsp;<strong>fili\u00e8re qui accueille le plus de lyc\u00e9ens.<\/strong><br>Le Bac professionnel MELEC vous formera aux&nbsp;<strong>techniques de la production<\/strong>, de la&nbsp;<strong>distribution<\/strong>, de la&nbsp;<strong>transformation<\/strong>, du&nbsp;<strong>transport de l\u2019\u00e9nergie \u00e9lectrique<\/strong>&nbsp;et de son&nbsp;<strong>utilisation<\/strong>. Vous pourrez ainsi&nbsp;:<\/p>\n\n\n\n<ul class=\"wp-block-list\">\n<li>Devenir un&nbsp;<strong>technicien<\/strong>&nbsp;capable de travailler sur un chantier de sa conception \u00e0 sa maintenance,<\/li>\n\n\n\n<li>\u00catre&nbsp;<strong>autonome et g\u00e9rer une petite \u00e9quipe de chantier<\/strong>, notamment en planifiant l\u2019organisation et l\u2019ex\u00e9cution du travail,<\/li>\n\n\n\n<li>Savoir effectuer des&nbsp;<strong>op\u00e9rations de mise en service<\/strong>, de&nbsp;<strong>contr\u00f4le<\/strong>&nbsp;et\/ou de&nbsp;<strong>d\u00e9pannage<\/strong>,<\/li>\n\n\n\n<li>Concevoir et interpr\u00e9ter des&nbsp;<strong>sch\u00e9mas<\/strong>, des&nbsp;<strong>documents techniques<\/strong>,<\/li>\n\n\n\n<li><strong>Ma\u00eetriser les technologies \u00e9lectroniques et informatiques<\/strong>&nbsp;qui permettent la communication des \u00e9quipements et r\u00e9cepteurs (r\u00e9seaux Voix \u2013 Donn\u00e9es \u2013 Images, syst\u00e8mes de s\u00fbret\u00e9 ou de s\u00e9curit\u00e9 des personnes et des biens., etc.).<\/li>\n<\/ul>\n\n\n\n<p><strong>Acc\u00e8s \u00e0 la formation<\/strong><br><br>Ce bac pro se pr\u00e9pare en<strong>&nbsp;trois ann\u00e9es<\/strong>&nbsp;apr\u00e8s la classe de troisi\u00e8me des coll\u00e8ges&nbsp;et en passant par une<br><a href=\"http:\/\/lyceedelessouriau.fr\/index.php\/la-seconde-mtne-metiers-des-transitions-numerique-energetique\/\">seconde Famille des m\u00e9tiers  <strong>MTNE  (M\u00e9tiers des Transitions Num\u00e9rique et Energ\u00e9tique<\/strong><\/a>)<\/p>\n\n\n\n<p>Les \u00e9l\u00e8ves titulaires du CAP Electricien peuvent, sous certaines conditions, le pr\u00e9parer en 2 ans. Ils acc\u00e8dent alors directement en classe de 1<sup>re<\/sup>&nbsp;professionnelle.<\/p>\n\n\n\n<p><strong>Poursuite d\u2019\u00e9tude<\/strong><\/p>\n\n\n\n<p>Le baccalaur\u00e9at professionnel a pour premier objectif l\u2019insertion professionnelle, cependant pour ceux qui le souhaitent et qui poss\u00e8dent un bon dossier, une poursuite d\u2019\u00e9tudes est envisageable en&nbsp;<strong>BTS<\/strong>.<br>Exemples de poursuite d\u2019\u00e9tude&nbsp;: Le BTS Electrotechnique, le BTS Maintenance des Syst\u00e8mes (M.S), le BTS Technico-commercial, etc.<\/p>\n\n\n\n<p><strong>Horaires d\u2019enseignement<\/strong><\/p>\n\n\n\n<figure class=\"wp-block-table is-style-stripes\"><table><tbody><tr><td><\/td><td>Seconde PRO<\/td><td>Premi\u00e8re PRO<\/td><td>Terminale PRO<\/td><\/tr><tr><td>Fran\u00e7ais, Histoire \u2013 G\u00e9ographie -E.M.C + cointervention avec l\u2019enseignement professionnel<\/td><td>3.5h+1h<\/td><td>3h+1h<\/td><td>3h+0.5h<\/td><\/tr><tr><td>Langues Vivantes (Anglais)<\/td><td>2h<\/td><td>2h<\/td><td>2h<\/td><\/tr><tr><td>Math\u00e9matiques + co-intervention avec<br>l\u2019enseignement professionnel<\/td><td>1.5h+1h<\/td><td>2h+0.5h<\/td><td>1.5h+0.5h<\/td><\/tr><tr><td>Physique \u2013 Chimie<\/td><td>1,5h<\/td><td>1,5h<\/td><td>1,5h<\/td><\/tr><tr><td>Arts Appliqu\u00e9s<\/td><td>1h<\/td><td>1h<\/td><td>1h<\/td><\/tr><tr><td>EPS<\/td><td>2,5h<\/td><td>2,5h<\/td><td>2,5h<\/td><\/tr><tr><td>Enseignement professionnel + co-intervention<\/td><td>11h+2h<\/td><td>9.5h+1.5h<\/td><td>10h+1h<\/td><\/tr><tr><td>R\u00e9alisation d\u2019un chef d\u2019\u0153uvre<\/td><td><\/td><td>2h<\/td><td>2h<\/td><\/tr><tr><td>Eco- Gestion<\/td><td>1h<\/td><td>1h<\/td><td>1h<\/td><\/tr><tr><td>Pr\u00e9vention-Sant\u00e9-Environnement<\/td><td>1h<\/td><td>1h<\/td><td>1h<\/td><\/tr><tr><td>Accompagnement personnalis\u00e9<\/td><td>3h<\/td><td>3h<\/td><td>3,5h<\/td><\/tr><tr><td>Nombre de semaines de formation en<br>entreprises<\/td><td>6h<\/td><td>8h<\/td><td>6h<\/td><\/tr><\/tbody><\/table><\/figure>\n\n\n\n<p><strong>Epreuves du baccalaur\u00e9at<\/strong><\/p>\n\n\n\n<figure class=\"wp-block-table is-style-stripes\"><table><tbody><tr><td>E1. Epreuve scientifique<\/td><td><\/td><td><\/td><td>3<\/td><\/tr><tr><td><\/td><td>E.11 Math\u00e9matiques &amp; sciences physiques<\/td><td>CCF<\/td><td>1,5<\/td><\/tr><tr><td><\/td><td>E.12 Epreuve pratique de sciences physiques<\/td><td>CCF<\/td><td>1,5<\/td><\/tr><tr><td>E2. Pr\u00e9paration d\u2019une op\u00e9ration<\/td><td><\/td><td>CCF<\/td><td>3<\/td><\/tr><tr><td>E3. Epreuve pratique prenant en compte la formation en milieu professionnel<\/td><td><\/td><td><\/td><td>11<\/td><\/tr><tr><td><\/td><td>E 31&nbsp;: R\u00e9alisation d\u2019une installation<\/td><td>CCF<\/td><td>4<\/td><\/tr><tr><td><\/td><td>E 32&nbsp;: iLivraison d\u2019une installation<\/td><td>CCF<\/td><td>3<\/td><\/tr><tr><td><\/td><td>E33&nbsp;: D\u00e9pannage d\u2019une installation<\/td><td>CCF<\/td><td>2<\/td><\/tr><tr><td><\/td><td>E34&nbsp;: \u00e9conomie \u2013 gestion<\/td><td>Ecrit<\/td><td>1<\/td><\/tr><tr><td><\/td><td>E35&nbsp;: Pr\u00e9vention \u2013 Sant\u00e9 \u2013 Environnement<\/td><td>Ecrit<\/td><td>1<\/td><\/tr><tr><td>E4 \u2013 \u00c9preuve de langue vivante<\/td><td><\/td><td>CCF<\/td><td>2<\/td><\/tr><tr><td>E5 \u2013 \u00c9preuve de fran\u00e7ais \u2013 histoire g\u00e9ographie<\/td><td><\/td><td><\/td><td>5<\/td><\/tr><tr><td><\/td><td>E 51 Fran\u00e7ais<\/td><td>Ecrit<\/td><td>2,5<\/td><\/tr><tr><td><\/td><td>E 52 Histoire g\u00e9ographie<\/td><td>Ecrit<\/td><td>2,5<\/td><\/tr><tr><td>E6- \u00c9preuve d\u2019\u00e9ducation artistique \u2013 arts appliqu\u00e9s<\/td><td><\/td><td>CCF<\/td><td>1<\/td><\/tr><tr><td>E7- \u00c9preuve d\u2019\u00e9ducation physique et sportive<\/td><td><\/td><td>CCF<\/td><td>1<\/td><\/tr><tr><td>CCF&nbsp;: Contr\u00f4le en cours de formation<br>Les \u00e9l\u00e8ves entrant en seconde professionnelle, visent l\u2019obtention du baccalaur\u00e9at professionnel en trois ans qui est un dipl\u00f4me de niveau IV.<\/td><td><\/td><td><\/td><td><\/td><\/tr><\/tbody><\/table><\/figure>\n\n\n\n<div class=\"wp-block-group is-nowrap is-layout-flex wp-container-core-group-is-layout-ad2f72ca wp-block-group-is-layout-flex\">\n<p><strong><mark style=\"background-color:rgba(0, 0, 0, 0)\" class=\"has-inline-color has-vivid-red-color\">Toutes nos formations sont ouvertes \u00e0 l&#8217;apprentissage, en mixit\u00e9 des publics, \u00e0 partir de la classe de Premi\u00e8re.<\/mark><\/strong><\/p>\n\n\n\n<figure class=\"wp-block-image size-full is-resized\"><img loading=\"lazy\" decoding=\"async\" width=\"600\" height=\"240\" src=\"https:\/\/lyceedelessouriau.fr\/wp-content\/uploads\/2025\/09\/logo-GIP-apprentissage-2021-ISOLE-002-1-2.jpg\" alt=\"\" class=\"wp-image-3245\" style=\"width:377px;height:auto\" srcset=\"https:\/\/lyceedelessouriau.fr\/wp-content\/uploads\/2025\/09\/logo-GIP-apprentissage-2021-ISOLE-002-1-2.jpg 600w, https:\/\/lyceedelessouriau.fr\/wp-content\/uploads\/2025\/09\/logo-GIP-apprentissage-2021-ISOLE-002-1-2-300x120.jpg 300w\" sizes=\"auto, (max-width: 600px) 100vw, 600px\" \/><\/figure>\n<\/div>\n\n\n\n<p><\/p>\n","protected":false},"excerpt":{"rendered":"<p>Baccalaur\u00e9at Professionnel M\u00e9tiers de l\u2019\u00c9Lectricit\u00e9 et de ses Environnements Connect\u00e9s &#8211; MELEC BACCALAUREAT PROFESSIONNEL EN 3 ANS Le titulaire du baccalaur\u00e9at professionnel M\u00e9tiers de l\u2019\u00c9lectricit\u00e9 et de ses Environnements Connect\u00e9s intervient dans tous les&nbsp;secteurs d\u2019activit\u00e9s du b\u00e2timent&nbsp;(r\u00e9sidentiel, tertiaire, industriel), de l\u2019industrie, de l\u2019agriculture, des&nbsp;services et des infrastructures. Ce baccalaur\u00e9at professionnel aborde toutes les comp\u00e9tences professionnelles [&hellip;]<\/p>\n","protected":false},"author":1,"featured_media":0,"parent":34,"menu_order":1,"comment_status":"closed","ping_status":"closed","template":"page-template\/right-sidebar-page.php","meta":{"footnotes":""},"class_list":["post-127","page","type-page","status-publish","hentry"],"_links":{"self":[{"href":"https:\/\/lyceedelessouriau.fr\/index.php\/wp-json\/wp\/v2\/pages\/127","targetHints":{"allow":["GET"]}}],"collection":[{"href":"https:\/\/lyceedelessouriau.fr\/index.php\/wp-json\/wp\/v2\/pages"}],"about":[{"href":"https:\/\/lyceedelessouriau.fr\/index.php\/wp-json\/wp\/v2\/types\/page"}],"author":[{"embeddable":true,"href":"https:\/\/lyceedelessouriau.fr\/index.php\/wp-json\/wp\/v2\/users\/1"}],"replies":[{"embeddable":true,"href":"https:\/\/lyceedelessouriau.fr\/index.php\/wp-json\/wp\/v2\/comments?post=127"}],"version-history":[{"count":15,"href":"https:\/\/lyceedelessouriau.fr\/index.php\/wp-json\/wp\/v2\/pages\/127\/revisions"}],"predecessor-version":[{"id":3246,"href":"https:\/\/lyceedelessouriau.fr\/index.php\/wp-json\/wp\/v2\/pages\/127\/revisions\/3246"}],"up":[{"embeddable":true,"href":"https:\/\/lyceedelessouriau.fr\/index.php\/wp-json\/wp\/v2\/pages\/34"}],"wp:attachment":[{"href":"https:\/\/lyceedelessouriau.fr\/index.php\/wp-json\/wp\/v2\/media?parent=127"}],"curies":[{"name":"wp","href":"https:\/\/api.w.org\/{rel}","templated":true}]}}