{"id":114,"date":"2021-04-12T17:36:41","date_gmt":"2021-04-12T15:36:41","guid":{"rendered":"http:\/\/lyceedelessouriau.fr\/?page_id=114"},"modified":"2023-01-10T12:14:58","modified_gmt":"2023-01-10T11:14:58","slug":"1res-et-terminales-generales","status":"publish","type":"page","link":"https:\/\/lyceedelessouriau.fr\/index.php\/le-baccalaureat-general\/1res-et-terminales-generales\/","title":{"rendered":"Premi\u00e8res et Terminales G\u00e9n\u00e9rales"},"content":{"rendered":"\n<p>La r\u00e9ussite dans l\u2019enseignement sup\u00e9rieur se pr\u00e9pare d\u00e8s le lyc\u00e9e.<br>Il est en effet essentiel que le lyc\u00e9en m\u00fbrisse progressivement son projet d\u2019avenir en fonction de ses envies, de ses possibilit\u00e9s mais aussi d\u2019\u00e9l\u00e9ments factuels comme les attentes de chaque fili\u00e8re de l\u2019enseignement sup\u00e9rieur, les taux de r\u00e9ussite et les perspectives d\u2019insertion professionnelle.<\/p>\n\n\n\n<p><strong>Les enseignements \u2013 Le baccalaur\u00e9at<\/strong><\/p>\n\n\n\n<p>En plus des&nbsp;<strong>enseignements du tronc commun<\/strong>&nbsp;les \u00e9l\u00e8ves qui se dirigent vers la voie g\u00e9n\u00e9rale choisissent d\u2019approfondir progressivement des&nbsp;<strong>enseignements de sp\u00e9cialit\u00e9<\/strong>.<\/p>\n\n\n\n<ul class=\"wp-block-list\">\n<li>A la fin de la seconde, les \u00e9l\u00e8ves choisissent&nbsp;<strong>trois enseignements de sp\u00e9cialit\u00e9<\/strong>&nbsp;qu\u2019ils suivront en&nbsp;<strong>premi\u00e8re<\/strong>.<\/li>\n\n\n\n<li>A la fin de la classe de premi\u00e8re, ils choisissent, parmi ces trois enseignements, les&nbsp;<strong>deux enseignements<\/strong>&nbsp;de sp\u00e9cialit\u00e9 qu\u2019ils poursuivront en classe de&nbsp;<strong>terminale<\/strong>.<\/li>\n\n\n\n<li>L\u2019\u00e9l\u00e8ve est \u00e9valu\u00e9 sur la sp\u00e9cialit\u00e9 abandonn\u00e9e en fin de premi\u00e8re au mois de Mars de cette m\u00eame ann\u00e9e.<\/li>\n<\/ul>\n\n\n\n<figure class=\"wp-block-image size-full\"><img loading=\"lazy\" decoding=\"async\" width=\"624\" height=\"651\" src=\"http:\/\/lyceedelessouriau.fr\/wp-content\/uploads\/2023\/01\/beecc9f739a6-Coeff_bac.jpg\" alt=\"\" class=\"wp-image-1922\" srcset=\"https:\/\/lyceedelessouriau.fr\/wp-content\/uploads\/2023\/01\/beecc9f739a6-Coeff_bac.jpg 624w, https:\/\/lyceedelessouriau.fr\/wp-content\/uploads\/2023\/01\/beecc9f739a6-Coeff_bac-288x300.jpg 288w\" sizes=\"auto, (max-width: 624px) 100vw, 624px\" \/><\/figure>\n\n\n\n<p><strong>L\u2019orientation en voie g\u00e9n\u00e9rale<\/strong><\/p>\n\n\n\n<p>Les choix d\u2019orientation, de la seconde \u00e0 l\u2019enseignement sup\u00e9rieur, doivent permettre \u00e0 chaque \u00e9l\u00e8ve d\u2019exp\u00e9rimenter ce qui lui pla\u00eet ou ne lui pla\u00eet pas, d\u2019affirmer ses go\u00fbts et de construire un parcours de formation coh\u00e9rent qui favorisera sa r\u00e9ussite.<br>Avec le nouveau lyc\u00e9e, les \u00e9l\u00e8ves de seconde sont amen\u00e9s \u00e0 choisir trois enseignements de sp\u00e9cialit\u00e9 pour la classe de premi\u00e8re en fonction de leurs go\u00fbts et de leurs motivations.<br>Un \u00e9l\u00e8ve de seconde doit r\u00e9fl\u00e9chir avant tout \u00e0 ce qui lui pla\u00eet et \u00e0 ce qui le motive, aux savoirs qu\u2019il d\u00e9sire approfondir et sur lesquels il passera ses \u00e9preuves du baccalaur\u00e9at. Ce choix de sp\u00e9cialit\u00e9s correspond \u00e9galement \u00e0 son projet d\u2019orientation dans les \u00e9tudes sup\u00e9rieures.<\/p>\n\n\n\n<p><strong>Le choix des enseignements de sp\u00e9cialit\u00e9 en fin de seconde amorce un parcours que chaque \u00e9l\u00e8ve approfondira au lyc\u00e9e, puis dans l\u2019enseignement sup\u00e9rieur<\/strong>, en continuant \u00e0 se sp\u00e9cialiser vers les domaines qui lui correspondent le mieux et dans lesquels il sera le plus \u00e0 m\u00eame de r\u00e9ussir.<\/p>\n\n\n\n<p>Pour les aider \u00e0 choisir leurs enseignements de sp\u00e9cialit\u00e9, les \u00e9l\u00e8ves de seconde b\u00e9n\u00e9ficient d\u2019un&nbsp;<strong>accompagnement des \u00e9quipes \u00e9ducatives<\/strong>.<\/p>\n\n\n\n<ul class=\"wp-block-list\">\n<li>D\u00e8s le deuxi\u00e8me trimestre de l\u2019ann\u00e9e de seconde, l\u2019\u00e9l\u00e8ve et sa famille formulent des&nbsp;<strong>intentions d\u2019orientation<\/strong>&nbsp;(en voie g\u00e9n\u00e9rale ou dans une s\u00e9rie de la voie technologique) sur la \u00ab&nbsp;<strong>fiche dialogue<\/strong>&nbsp;\u00bb qui constitue le support des \u00e9changes avec le conseil de classe.<\/li>\n\n\n\n<li>Pour la voie g\u00e9n\u00e9rale, ils seront invit\u00e9s \u00e0 mentionner les enseignements de sp\u00e9cialit\u00e9 parmi ceux propos\u00e9s. Les souhaits mentionn\u00e9s sur la \u00ab&nbsp;fiche dialogue&nbsp;\u00bb font l\u2019objet de recommandations du conseil de classe du deuxi\u00e8me trimestre.<\/li>\n\n\n\n<li>Tout au long du troisi\u00e8me trimestre, le dialogue entre les familles et l\u2019\u00e9quipe \u00e9ducative sur le projet et les comp\u00e9tences de l\u2019\u00e9l\u00e8ve vise \u00e0 affiner le choix de trois enseignements de sp\u00e9cialit\u00e9 qui sera fait par la famille au dernier trimestre de la classe de seconde.<\/li>\n<\/ul>\n\n\n\n<p class=\"has-vivid-purple-color has-text-color has-medium-font-size\"><strong>Horaires d&#8217;enseignement<\/strong><\/p>\n\n\n\n<div class=\"wp-block-columns is-layout-flex wp-container-core-columns-is-layout-9d6595d7 wp-block-columns-is-layout-flex\">\n<div class=\"wp-block-column is-layout-flow wp-block-column-is-layout-flow\" style=\"flex-basis:100%\">\n<figure class=\"wp-block-table is-style-stripes\"><table class=\"has-fixed-layout\"><tbody><tr><td>Enseignements&nbsp;<strong>Communs<\/strong><\/td><td class=\"has-text-align-right\" data-align=\"right\"><\/td><td class=\"has-text-align-right\" data-align=\"right\"><\/td><\/tr><tr><td>Disciplines<\/td><td class=\"has-text-align-right\" data-align=\"right\">1<sup>er<\/sup><\/td><td class=\"has-text-align-right\" data-align=\"right\">Terminale<\/td><\/tr><tr><td><a href=\"http:\/\/lyceedelessouriau.fr\/index.php\/2021\/04\/20\/francais\/\">Fran\u00e7ais<\/a> *<\/td><td class=\"has-text-align-right\" data-align=\"right\">4H<\/td><td class=\"has-text-align-right\" data-align=\"right\">&#8211;<\/td><\/tr><tr><td>Philosophie<\/td><td class=\"has-text-align-right\" data-align=\"right\">&#8211;<\/td><td class=\"has-text-align-right\" data-align=\"right\">4H<\/td><\/tr><tr><td><a href=\"http:\/\/lyceedelessouriau.fr\/index.php\/2021\/10\/21\/lhistoire-geographie-au-lycee\/\">Histoire \u2013 G\u00e9ographie \u2013 Enseignement moral et civique<\/a> *<\/td><td class=\"has-text-align-right\" data-align=\"right\">3H50<\/td><td class=\"has-text-align-right\" data-align=\"right\">3H50<\/td><\/tr><tr><td>Langue Vivante A \u2013 Langue vivante B<\/td><td class=\"has-text-align-right\" data-align=\"right\">4H30<\/td><td class=\"has-text-align-right\" data-align=\"right\">4H<\/td><\/tr><tr><td>Enseignement scientifique<\/td><td class=\"has-text-align-right\" data-align=\"right\">2H<\/td><td class=\"has-text-align-right\" data-align=\"right\">2H<\/td><\/tr><tr><td><a href=\"http:\/\/lyceedelessouriau.fr\/index.php\/2021\/10\/21\/leps-au-lycee\/\">EPS<\/a> *<\/td><td class=\"has-text-align-right\" data-align=\"right\">2H<\/td><td class=\"has-text-align-right\" data-align=\"right\">2H<\/td><\/tr><\/tbody><\/table><\/figure>\n\n\n\n<p class=\"has-vivid-purple-color has-text-color\"><strong>Enseignements de Sp\u00e9cialit\u00e9 propos\u00e9s au lyc\u00e9e de l\u2019Essouriau<\/strong><\/p>\n\n\n\n<figure class=\"wp-block-table is-style-stripes\"><table><tbody><tr><td>Sp\u00e9cialit\u00e9s<\/td><td>1<sup>er<\/sup><\/td><td>Terminale<\/td><\/tr><tr><td><a href=\"http:\/\/lyceedelessouriau.fr\/index.php\/2021\/10\/21\/les-options-mathematiques-en-terminale-dans-la-filiere-generale\/\">Math\u00e9matiques<\/a> *<\/td><td>4H<\/td><td>6H<\/td><\/tr><tr><td><a href=\"http:\/\/lyceedelessouriau.fr\/index.php\/2021\/10\/21\/lenseignement-de-specialite-nsi\/\">Num\u00e9rique et Sciences Informatiques (N.S.I)<\/a> *<\/td><td>4H<\/td><td>6H<\/td><\/tr><tr><td><a href=\"http:\/\/lyceedelessouriau.fr\/index.php\/2021\/10\/21\/la-physique-chimie-en-filiere-generale\/\">Physique \u2013 Chimie<\/a> *<\/td><td>4H<\/td><td>6H<\/td><\/tr><tr><td><a href=\"http:\/\/lyceedelessouriau.fr\/index.php\/2021\/10\/22\/lenseignement-de-specialite-svt\/\">Sciences et Vie de la Terre (S.V.T)<\/a> *<\/td><td>4H<\/td><td>6H<\/td><\/tr><tr><td><a href=\"http:\/\/lyceedelessouriau.fr\/index.php\/2021\/10\/21\/lenseignement-de-specialite-si\/\">Sciences de l\u2019Ing\u00e9nieur (S.I)<\/a> *<\/td><td>4H<\/td><td>6H<\/td><\/tr><tr><td><a href=\"http:\/\/lyceedelessouriau.fr\/index.php\/2023\/01\/05\/les-sciences-economiques-et-sociales\/\">Sciences \u00c9conomiques et Sociales (S.E.S)<\/a><\/td><td>4H<\/td><td>6H<\/td><\/tr><tr><td><a href=\"http:\/\/lyceedelessouriau.fr\/index.php\/2021\/10\/22\/la-specialite-hlp\/\">Humanit\u00e9s, litt\u00e9rature et philosophie<\/a> *<\/td><td>4H<\/td><td>6H<\/td><\/tr><tr><td><a href=\"http:\/\/lyceedelessouriau.fr\/index.php\/2021\/10\/22\/lenseignement-de-specialite-hggsp\/\">Histoire G\u00e9ographie G\u00e9opolitique Science Politique *<\/a><\/td><td>4H<\/td><td>6H<\/td><\/tr><tr><td><a href=\"http:\/\/lyceedelessouriau.fr\/index.php\/2021\/04\/20\/anglais\/\">Langues, litt\u00e9ratures et cultures \u00e9trang\u00e8res \u00ab&nbsp;Anglais&nbsp;\u00bb<\/a> *<\/td><td>4H<\/td><td>6H<\/td><\/tr><tr><td><a href=\"http:\/\/lyceedelessouriau.fr\/index.php\/2021\/10\/22\/la-specialite-llcer-en-espagnol\/\">Langues, litt\u00e9ratures et cultures \u00e9trang\u00e8res \u00ab&nbsp;Espagnol&nbsp;\u00bb<\/a> *<\/td><td>4H<\/td><td>6H<\/td><\/tr><tr><td><a href=\"http:\/\/lyceedelessouriau.fr\/index.php\/2021\/10\/21\/les-arts-plastiques-au-lycee\/\">Arts&nbsp;: Arts plastiques<\/a> *<\/td><td>4H<\/td><td>6H<\/td><\/tr><tr><td><a href=\"http:\/\/lyceedelessouriau.fr\/index.php\/2021\/10\/21\/loption-enseignement-de-specialite-cinema-audiovisuel\/\">Art&nbsp;: Cin\u00e9ma \u2013 Audiovisuel (C.A.V)<\/a> *<\/td><td>4H<\/td><td>6H<\/td><\/tr><\/tbody><\/table><\/figure>\n<\/div>\n<\/div>\n\n\n\n<p class=\"has-vivid-green-cyan-color has-text-color\"><strong>Enseignements Optionnels<\/strong><\/p>\n\n\n\n<figure class=\"wp-block-table is-style-stripes\"><table><tbody><tr><td>Sp\u00e9cialit\u00e9s<\/td><td>1<sup>er<\/sup><\/td><td>Terminale<\/td><\/tr><tr><td>Arts&nbsp;:<br><a href=\"http:\/\/lyceedelessouriau.fr\/index.php\/2021\/10\/21\/loption-theatre\/\">Th\u00e9\u00e2tre<\/a> *<br><a href=\"http:\/\/lyceedelessouriau.fr\/index.php\/2021\/10\/21\/les-arts-plastiques-au-lycee\/\">Arts plastiques<\/a> *<\/td><td>3H<\/td><td>3H<\/td><\/tr><tr><td>DGEMC&nbsp;: Droits et Grands Enjeux du Monde Contemporain<\/td><td>&#8211;<\/td><td>3H<\/td><\/tr><tr><td><a href=\"http:\/\/lyceedelessouriau.fr\/index.php\/2021\/10\/21\/leps-au-lycee\/\">E.P.S<\/a> *&nbsp;:<br>Danse et activit\u00e9s de la forme<br>Rugby\/Musculation\/Raid<br>Volley\/Escalade\/Raid<\/td><td>3H<\/td><td>3H<\/td><\/tr><tr><td><a href=\"http:\/\/lyceedelessouriau.fr\/index.php\/2021\/10\/21\/loption-lca\/\">Latin\/Grec<\/a> *<\/td><td>3H<\/td><td>3H<\/td><\/tr><tr><td>Math\u00e9matiques expertes&nbsp;(pour les \u00e9l\u00e8ves qui conservent la<br>sp\u00e9cialit\u00e9 math\u00e9matiques)<\/td><td>&#8211;<\/td><td>3H<\/td><\/tr><tr><td>Math\u00e9matiques compl\u00e9mentaires&nbsp;(pour ceux qui abandonnent la sp\u00e9cialit\u00e9 math\u00e9matiques)<\/td><td>&#8211;<\/td><td>3H<\/td><\/tr><\/tbody><\/table><\/figure>\n\n\n\n<h2 class=\"has-vivid-red-color has-text-color has-medium-font-size wp-block-heading\"><strong>Coefficients bac g\u00e9n\u00e9ral et technologique 2023 &#8211; contr\u00f4le continu<\/strong><\/h2>\n\n\n\n<figure class=\"wp-block-table\"><table><tbody><tr><th>Mati\u00e8re<\/th><th>Premi\u00e8re<\/th><th>Terminale<\/th><th>Total<\/th><\/tr><tr><td><strong>Histoire-g\u00e9ographie<\/strong><\/td><td>3<a href=\"https:\/\/www.letudiant.fr\/bac\/bac-pro\/les-sujets-et-corriges-du-bac-pro-epreuves-communes\/corrige-du-bac-pro-toutes-specialites-le-sujet-d-economie-droit.html\"><\/a><\/td><td>3<\/td><td>6<\/td><\/tr><tr><td><strong>Enseignement scientifique<\/strong><br><em>(Bac g\u00e9n\u00e9ral)<\/em><\/td><td>3<a href=\"https:\/\/www.letudiant.fr\/bac\/bac-pro\/les-sujets-et-corriges-du-bac-pro-epreuves-communes\/corrige-du-bac-pro-toutes-specialites-le-sujet-d-economie-droit.html\"><\/a><\/td><td>3<\/td><td>6<\/td><\/tr><tr><td><strong>Math\u00e9matiques<\/strong><br><em>(bac technologique)<\/em><\/td><td>3<a href=\"https:\/\/www.letudiant.fr\/bac\/bac-pro\/les-sujets-et-corriges-du-bac-pro-epreuves-communes\/corrige-du-bac-pro-toutes-specialites-le-sujet-d-economie-droit.html\"><\/a><\/td><td>3<\/td><td>6<\/td><\/tr><tr><td><strong>LVA<\/strong><\/td><td>3<a href=\"https:\/\/www.letudiant.fr\/bac\/bac-pro\/les-sujets-et-corriges-du-bac-pro-epreuves-communes\/corrige-du-bac-pro-toutes-specialites-le-sujet-d-economie-droit.html\"><\/a><\/td><td>3<\/td><td>6<\/td><\/tr><tr><td><strong>LVB<\/strong><\/td><td>3<a href=\"https:\/\/www.letudiant.fr\/bac\/bac-pro\/les-sujets-et-corriges-du-bac-pro-epreuves-communes\/corrige-du-bac-pro-toutes-specialites-le-sujet-d-economie-droit.html\"><\/a><\/td><td>3<\/td><td>6<\/td><\/tr><tr><td><strong>EPS<\/strong><\/td><td><br><a href=\"https:\/\/www.letudiant.fr\/bac\/bac-pro\/les-sujets-et-corriges-du-bac-pro-epreuves-communes\/corrige-du-bac-pro-toutes-specialites-le-sujet-d-economie-droit.html\"><\/a><\/td><td>6<\/td><td>6<\/td><\/tr><tr><td><strong>EMC<\/strong><\/td><td>1<a href=\"https:\/\/www.letudiant.fr\/bac\/bac-pro\/les-sujets-et-corriges-du-bac-pro-epreuves-communes\/corrige-du-bac-pro-toutes-specialites-le-sujet-d-economie-droit.html\"><\/a><\/td><td>1<\/td><td>2<\/td><\/tr><tr><td><strong>Sp\u00e9cialit\u00e9 1<\/strong><\/td><td>8<a href=\"https:\/\/www.letudiant.fr\/bac\/bac-pro\/les-sujets-et-corriges-du-bac-pro-epreuves-communes\/corrige-du-bac-pro-toutes-specialites-le-sujet-d-economie-droit.html\"><\/a><\/td><td>&#8211;<\/td><td>8<\/td><\/tr><tr><td><strong>Total<\/strong><\/td><td><br><a href=\"https:\/\/www.letudiant.fr\/bac\/bac-pro\/les-sujets-et-corriges-du-bac-pro-epreuves-communes\/corrige-du-bac-pro-toutes-specialites-le-sujet-d-economie-droit.html\"><\/a><\/td><td><\/td><td><strong>40<\/strong><\/td><\/tr><\/tbody><\/table><\/figure>\n\n\n\n<h2 class=\"has-vivid-red-color has-text-color has-medium-font-size wp-block-heading\"><strong>Coefficients bac g\u00e9n\u00e9ral et technologique 2023 &#8211; options facultatives<\/strong><\/h2>\n\n\n\n<p>Les \u00e9l\u00e8ves choisiront les options \u00e0 prendre en compte au d\u00e9but de l\u2019ann\u00e9e de terminale.<\/p>\n\n\n\n<p>Les \u00e9l\u00e8ves en s\u00e9rie g\u00e9n\u00e9rale pourront pr\u00e9senter&nbsp;<strong>4 options maximum.<\/strong><\/p>\n\n\n\n<p>Une mati\u00e8re suivie&nbsp;<strong>1 an<\/strong>&nbsp;sera de&nbsp;<strong>coefficient 2.<\/strong><\/p>\n\n\n\n<p>Une mati\u00e8re suivie&nbsp;<strong>2 ans<\/strong>&nbsp;sera de&nbsp;<strong>coefficient 4.<\/strong><\/p>\n\n\n\n<p>La moyenne de chaque option&nbsp;est prise en compte, m\u00eame&nbsp;<strong>si elle est inf\u00e9rieure \u00e0 10<\/strong>.<\/p>\n\n\n\n<h2 class=\"has-vivid-red-color has-text-color has-medium-font-size wp-block-heading\"><strong>Coefficients bac g\u00e9n\u00e9ral 2023 &#8211; \u00e9preuves terminales<\/strong><\/h2>\n\n\n\n<figure class=\"wp-block-image size-large\"><img loading=\"lazy\" decoding=\"async\" width=\"819\" height=\"1024\" src=\"http:\/\/lyceedelessouriau.fr\/wp-content\/uploads\/2023\/01\/coef1-819x1024.png\" alt=\"\" class=\"wp-image-1926\" srcset=\"https:\/\/lyceedelessouriau.fr\/wp-content\/uploads\/2023\/01\/coef1-819x1024.png 819w, https:\/\/lyceedelessouriau.fr\/wp-content\/uploads\/2023\/01\/coef1-240x300.png 240w, https:\/\/lyceedelessouriau.fr\/wp-content\/uploads\/2023\/01\/coef1-768x960.png 768w, https:\/\/lyceedelessouriau.fr\/wp-content\/uploads\/2023\/01\/coef1.png 873w\" sizes=\"auto, (max-width: 819px) 100vw, 819px\" \/><\/figure>\n\n\n\n<p><strong>Poursuites d\u2019\u00e9tudes<\/strong><\/p>\n\n\n\n<p>Apr\u00e8s le baccalaur\u00e9at g\u00e9n\u00e9ral,&nbsp;<strong>5 grandes voies s\u2019offrent \u00e0 vous,<\/strong>&nbsp;avec de tr\u00e8s nombreux d\u00e9bouch\u00e9s&nbsp;:<\/p>\n\n\n\n<ul class=\"wp-block-list\">\n<li>Les sections de&nbsp;<strong>BTS<\/strong>&nbsp;et de&nbsp;<strong>DUT<\/strong>&nbsp;(2 ans),<\/li>\n\n\n\n<li>L\u2019<strong>Universit\u00e9<\/strong>&nbsp;:<br>La Licence en 3 ans apr\u00e8s le BAC<br>Le Master en 2 ans apr\u00e8s la licence<br>Le Doctorat en 3 ou 4 ans apr\u00e8s un Master<\/li>\n\n\n\n<li>Les&nbsp;<strong>CPGE<\/strong>&nbsp;(classes pr\u00e9paratoires aux grandes \u00e9coles)<\/li>\n\n\n\n<li>Les&nbsp;<strong>\u00e9coles de commerce et \u00e9coles d\u2019ing\u00e9nieurs<\/strong><\/li>\n\n\n\n<li>Les&nbsp;<strong>\u00e9coles sp\u00e9cialis\u00e9s<\/strong>&nbsp;(param\u00e9dical, police et arm\u00e9e, architecture, social).<\/li>\n<\/ul>\n","protected":false},"excerpt":{"rendered":"<p>La r\u00e9ussite dans l\u2019enseignement sup\u00e9rieur se pr\u00e9pare d\u00e8s le lyc\u00e9e.Il est en effet essentiel que le lyc\u00e9en m\u00fbrisse progressivement son projet d\u2019avenir en fonction de ses envies, de ses possibilit\u00e9s mais aussi d\u2019\u00e9l\u00e9ments factuels comme les attentes de chaque fili\u00e8re de l\u2019enseignement sup\u00e9rieur, les taux de r\u00e9ussite et les perspectives d\u2019insertion professionnelle. Les enseignements \u2013 [&hellip;]<\/p>\n","protected":false},"author":1,"featured_media":0,"parent":110,"menu_order":2,"comment_status":"closed","ping_status":"closed","template":"page-template\/right-sidebar-page.php","meta":{"footnotes":""},"class_list":["post-114","page","type-page","status-publish","hentry"],"_links":{"self":[{"href":"https:\/\/lyceedelessouriau.fr\/index.php\/wp-json\/wp\/v2\/pages\/114","targetHints":{"allow":["GET"]}}],"collection":[{"href":"https:\/\/lyceedelessouriau.fr\/index.php\/wp-json\/wp\/v2\/pages"}],"about":[{"href":"https:\/\/lyceedelessouriau.fr\/index.php\/wp-json\/wp\/v2\/types\/page"}],"author":[{"embeddable":true,"href":"https:\/\/lyceedelessouriau.fr\/index.php\/wp-json\/wp\/v2\/users\/1"}],"replies":[{"embeddable":true,"href":"https:\/\/lyceedelessouriau.fr\/index.php\/wp-json\/wp\/v2\/comments?post=114"}],"version-history":[{"count":16,"href":"https:\/\/lyceedelessouriau.fr\/index.php\/wp-json\/wp\/v2\/pages\/114\/revisions"}],"predecessor-version":[{"id":1932,"href":"https:\/\/lyceedelessouriau.fr\/index.php\/wp-json\/wp\/v2\/pages\/114\/revisions\/1932"}],"up":[{"embeddable":true,"href":"https:\/\/lyceedelessouriau.fr\/index.php\/wp-json\/wp\/v2\/pages\/110"}],"wp:attachment":[{"href":"https:\/\/lyceedelessouriau.fr\/index.php\/wp-json\/wp\/v2\/media?parent=114"}],"curies":[{"name":"wp","href":"https:\/\/api.w.org\/{rel}","templated":true}]}}